{"id":244,"date":"2022-04-15T19:14:43","date_gmt":"2022-04-15T19:14:43","guid":{"rendered":"http:\/\/investigacion.institutounao.com.mx\/?page_id=244"},"modified":"2023-02-11T19:11:33","modified_gmt":"2023-02-11T19:11:33","slug":"colaboraciones-permanentes","status":"publish","type":"page","link":"https:\/\/investigacion.institutounao.com.mx\/index.php\/colaboraciones-permanentes\/","title":{"rendered":"Colaboraciones Permanentes"},"content":{"rendered":"\t\t<div data-elementor-type=\"wp-page\" data-elementor-id=\"244\" class=\"elementor elementor-244\">\n\t\t\t\t\t\t<section class=\"elementor-section elementor-top-section elementor-element elementor-element-1697210 elementor-section-boxed elementor-section-height-default elementor-section-height-default\" data-id=\"1697210\" data-element_type=\"section\" data-e-type=\"section\">\n\t\t\t\t\t\t<div class=\"elementor-container elementor-column-gap-default\">\n\t\t\t\t\t<div class=\"elementor-column elementor-col-100 elementor-top-column elementor-element elementor-element-805faa2\" data-id=\"805faa2\" data-element_type=\"column\" data-e-type=\"column\">\n\t\t\t<div class=\"elementor-widget-wrap elementor-element-populated\">\n\t\t\t\t\t\t<div class=\"elementor-element elementor-element-e6ceabc elementor-widget elementor-widget-heading\" data-id=\"e6ceabc\" data-element_type=\"widget\" data-e-type=\"widget\" data-widget_type=\"heading.default\">\n\t\t\t\t<div class=\"elementor-widget-container\">\n\t\t\t\t\t<h2 class=\"elementor-heading-title elementor-size-default\">Colaboraciones Permanentes<\/h2>\t\t\t\t<\/div>\n\t\t\t\t<\/div>\n\t\t\t\t\t<\/div>\n\t\t<\/div>\n\t\t\t\t\t<\/div>\n\t\t<\/section>\n\t\t\t\t<section class=\"elementor-section elementor-top-section elementor-element elementor-element-216f7c7 elementor-section-boxed elementor-section-height-default elementor-section-height-default\" data-id=\"216f7c7\" data-element_type=\"section\" data-e-type=\"section\">\n\t\t\t\t\t\t<div class=\"elementor-container elementor-column-gap-default\">\n\t\t\t\t\t<div class=\"elementor-column elementor-col-50 elementor-top-column elementor-element elementor-element-c3d0be2\" data-id=\"c3d0be2\" data-element_type=\"column\" data-e-type=\"column\">\n\t\t\t<div class=\"elementor-widget-wrap elementor-element-populated\">\n\t\t\t\t\t\t<div class=\"elementor-element elementor-element-fbf602e elementor-widget elementor-widget-image\" data-id=\"fbf602e\" data-element_type=\"widget\" data-e-type=\"widget\" data-widget_type=\"image.default\">\n\t\t\t\t<div class=\"elementor-widget-container\">\n\t\t\t\t\t\t\t\t\t\t\t\t\t\t\t<img decoding=\"async\" width=\"150\" height=\"150\" src=\"https:\/\/investigacion.institutounao.com.mx\/wp-content\/uploads\/2022\/04\/Aliweb-150x150.png\" class=\"attachment-thumbnail size-thumbnail wp-image-272\" alt=\"\" srcset=\"https:\/\/investigacion.institutounao.com.mx\/wp-content\/uploads\/2022\/04\/Aliweb-150x150.png 150w, https:\/\/investigacion.institutounao.com.mx\/wp-content\/uploads\/2022\/04\/Aliweb-300x300.png 300w, https:\/\/investigacion.institutounao.com.mx\/wp-content\/uploads\/2022\/04\/Aliweb-175x175.png 175w, https:\/\/investigacion.institutounao.com.mx\/wp-content\/uploads\/2022\/04\/Aliweb-165x165.png 165w, https:\/\/investigacion.institutounao.com.mx\/wp-content\/uploads\/2022\/04\/Aliweb-350x350.png 350w, https:\/\/investigacion.institutounao.com.mx\/wp-content\/uploads\/2022\/04\/Aliweb.png 760w\" sizes=\"(max-width: 150px) 100vw, 150px\" \/>\t\t\t\t\t\t\t\t\t\t\t\t\t\t\t<\/div>\n\t\t\t\t<\/div>\n\t\t\t\t\t<\/div>\n\t\t<\/div>\n\t\t\t\t<div class=\"elementor-column elementor-col-50 elementor-top-column elementor-element elementor-element-defb9ec\" data-id=\"defb9ec\" data-element_type=\"column\" data-e-type=\"column\">\n\t\t\t<div class=\"elementor-widget-wrap elementor-element-populated\">\n\t\t\t\t\t\t<div class=\"elementor-element elementor-element-be1e6dc elementor-widget elementor-widget-image\" data-id=\"be1e6dc\" data-element_type=\"widget\" data-e-type=\"widget\" data-widget_type=\"image.default\">\n\t\t\t\t<div class=\"elementor-widget-container\">\n\t\t\t\t\t\t\t\t\t\t\t\t\t\t\t<img decoding=\"async\" width=\"150\" height=\"150\" src=\"https:\/\/investigacion.institutounao.com.mx\/wp-content\/uploads\/2023\/02\/foto1-1-150x150.png\" class=\"attachment-thumbnail size-thumbnail wp-image-777\" alt=\"\" srcset=\"https:\/\/investigacion.institutounao.com.mx\/wp-content\/uploads\/2023\/02\/foto1-1-150x150.png 150w, https:\/\/investigacion.institutounao.com.mx\/wp-content\/uploads\/2023\/02\/foto1-1-300x300.png 300w, https:\/\/investigacion.institutounao.com.mx\/wp-content\/uploads\/2023\/02\/foto1-1-1024x1024.png 1024w, https:\/\/investigacion.institutounao.com.mx\/wp-content\/uploads\/2023\/02\/foto1-1-768x768.png 768w, https:\/\/investigacion.institutounao.com.mx\/wp-content\/uploads\/2023\/02\/foto1-1-175x175.png 175w, https:\/\/investigacion.institutounao.com.mx\/wp-content\/uploads\/2023\/02\/foto1-1-165x165.png 165w, https:\/\/investigacion.institutounao.com.mx\/wp-content\/uploads\/2023\/02\/foto1-1-350x350.png 350w, https:\/\/investigacion.institutounao.com.mx\/wp-content\/uploads\/2023\/02\/foto1-1.png 1080w\" sizes=\"(max-width: 150px) 100vw, 150px\" \/>\t\t\t\t\t\t\t\t\t\t\t\t\t\t\t<\/div>\n\t\t\t\t<\/div>\n\t\t\t\t\t<\/div>\n\t\t<\/div>\n\t\t\t\t\t<\/div>\n\t\t<\/section>\n\t\t\t\t<section class=\"elementor-section elementor-top-section elementor-element elementor-element-b866af8 elementor-section-boxed elementor-section-height-default elementor-section-height-default\" data-id=\"b866af8\" data-element_type=\"section\" data-e-type=\"section\">\n\t\t\t\t\t\t<div class=\"elementor-container elementor-column-gap-default\">\n\t\t\t\t\t<div class=\"elementor-column elementor-col-50 elementor-top-column elementor-element elementor-element-2a6917e\" data-id=\"2a6917e\" data-element_type=\"column\" data-e-type=\"column\">\n\t\t\t<div class=\"elementor-widget-wrap elementor-element-populated\">\n\t\t\t\t\t\t<div class=\"elementor-element elementor-element-b106fe7 elementor-widget elementor-widget-text-editor\" data-id=\"b106fe7\" data-element_type=\"widget\" data-e-type=\"widget\" data-widget_type=\"text-editor.default\">\n\t\t\t\t<div class=\"elementor-widget-container\">\n\t\t\t\t\t\t\t\t\t<p>Dra. en Desarrollo Humano \/ Mtra. en Educaci\u00f3n; acad\u00e9mica de tiempo completo y Coordinadora de Proyectos de Investigaci\u00f3n del Instituto UNAO. Apasionada de los procesos creativos literarios, escribe cuento y desarrolla temas relacionados con la investigaci\u00f3n educativa.<\/p>\t\t\t\t\t\t\t\t<\/div>\n\t\t\t\t<\/div>\n\t\t\t\t\t<\/div>\n\t\t<\/div>\n\t\t\t\t<div class=\"elementor-column elementor-col-50 elementor-top-column elementor-element elementor-element-3174d2a\" data-id=\"3174d2a\" data-element_type=\"column\" data-e-type=\"column\">\n\t\t\t<div class=\"elementor-widget-wrap elementor-element-populated\">\n\t\t\t\t\t\t<div class=\"elementor-element elementor-element-aae4eee elementor-widget elementor-widget-text-editor\" data-id=\"aae4eee\" data-element_type=\"widget\" data-e-type=\"widget\" data-widget_type=\"text-editor.default\">\n\t\t\t\t<div class=\"elementor-widget-container\">\n\t\t\t\t\t\t\t\t\t<p>Maestro en Educaci\u00f3n. Acad\u00e9mico de tiempo completo en el Instituto UNAO, especialista en procesos de formaci\u00f3n docente, metodolog\u00edas para la planeaci\u00f3n did\u00e1ctica, dise\u00f1o e innovaci\u00f3n curricular. Aficionado en escribir temas que permitan reflexionar acerca de la complejidad del ser humano y la vida en general.<\/p>\t\t\t\t\t\t\t\t<\/div>\n\t\t\t\t<\/div>\n\t\t\t\t\t<\/div>\n\t\t<\/div>\n\t\t\t\t\t<\/div>\n\t\t<\/section>\n\t\t\t\t<section class=\"elementor-section elementor-top-section elementor-element elementor-element-e2e8fbf elementor-section-boxed elementor-section-height-default elementor-section-height-default\" data-id=\"e2e8fbf\" data-element_type=\"section\" data-e-type=\"section\">\n\t\t\t\t\t\t<div class=\"elementor-container elementor-column-gap-default\">\n\t\t\t\t\t<div class=\"elementor-column elementor-col-25 elementor-top-column elementor-element elementor-element-140c4d7\" data-id=\"140c4d7\" data-element_type=\"column\" data-e-type=\"column\">\n\t\t\t<div class=\"elementor-widget-wrap elementor-element-populated\">\n\t\t\t\t\t\t<div class=\"elementor-element elementor-element-f747f8e elementor-widget elementor-widget-text-editor\" data-id=\"f747f8e\" data-element_type=\"widget\" data-e-type=\"widget\" data-widget_type=\"text-editor.default\">\n\t\t\t\t<div class=\"elementor-widget-container\">\n\t\t\t\t\t\t\t\t\t<h4><b>Deja que te cuente<\/b><br><\/h4>\t\t\t\t\t\t\t\t<\/div>\n\t\t\t\t<\/div>\n\t\t\t\t\t<\/div>\n\t\t<\/div>\n\t\t\t\t<div class=\"elementor-column elementor-col-25 elementor-top-column elementor-element elementor-element-31f75a0\" data-id=\"31f75a0\" data-element_type=\"column\" data-e-type=\"column\">\n\t\t\t<div class=\"elementor-widget-wrap elementor-element-populated\">\n\t\t\t\t\t\t<div class=\"elementor-element elementor-element-c68bee4 elementor-widget elementor-widget-text-editor\" data-id=\"c68bee4\" data-element_type=\"widget\" data-e-type=\"widget\" data-widget_type=\"text-editor.default\">\n\t\t\t\t<div class=\"elementor-widget-container\">\n\t\t\t\t\t\t\t\t\t<h4><b>Contextos<\/b><\/h4>\t\t\t\t\t\t\t\t<\/div>\n\t\t\t\t<\/div>\n\t\t\t\t\t<\/div>\n\t\t<\/div>\n\t\t\t\t<div class=\"elementor-column elementor-col-25 elementor-top-column elementor-element elementor-element-e03de45\" data-id=\"e03de45\" data-element_type=\"column\" data-e-type=\"column\">\n\t\t\t<div class=\"elementor-widget-wrap elementor-element-populated\">\n\t\t\t\t\t\t<div class=\"elementor-element elementor-element-74f9134 elementor-widget elementor-widget-text-editor\" data-id=\"74f9134\" data-element_type=\"widget\" data-e-type=\"widget\" data-widget_type=\"text-editor.default\">\n\t\t\t\t<div class=\"elementor-widget-container\">\n\t\t\t\t\t\t\t\t\t<h4><b>Ense\u00f1anza con pasi\u00f3n<\/b><\/h4>\t\t\t\t\t\t\t\t<\/div>\n\t\t\t\t<\/div>\n\t\t\t\t\t<\/div>\n\t\t<\/div>\n\t\t\t\t<div class=\"elementor-column elementor-col-25 elementor-top-column elementor-element elementor-element-b09a952\" data-id=\"b09a952\" data-element_type=\"column\" data-e-type=\"column\">\n\t\t\t<div class=\"elementor-widget-wrap elementor-element-populated\">\n\t\t\t\t\t\t<div class=\"elementor-element elementor-element-98aaa35 elementor-widget elementor-widget-text-editor\" data-id=\"98aaa35\" data-element_type=\"widget\" data-e-type=\"widget\" data-widget_type=\"text-editor.default\">\n\t\t\t\t<div class=\"elementor-widget-container\">\n\t\t\t\t\t\t\t\t\t<h4><b>Reflexiones<\/b><\/h4>\t\t\t\t\t\t\t\t<\/div>\n\t\t\t\t<\/div>\n\t\t\t\t\t<\/div>\n\t\t<\/div>\n\t\t\t\t\t<\/div>\n\t\t<\/section>\n\t\t\t\t<section class=\"elementor-section elementor-top-section elementor-element elementor-element-af68b84 elementor-section-boxed elementor-section-height-default elementor-section-height-default\" data-id=\"af68b84\" data-element_type=\"section\" data-e-type=\"section\">\n\t\t\t\t\t\t<div class=\"elementor-container elementor-column-gap-default\">\n\t\t\t\t\t<div class=\"elementor-column elementor-col-25 elementor-top-column elementor-element elementor-element-783d098\" data-id=\"783d098\" data-element_type=\"column\" data-e-type=\"column\">\n\t\t\t<div class=\"elementor-widget-wrap elementor-element-populated\">\n\t\t\t\t\t\t<div class=\"elementor-element elementor-element-84083e5 elementor-align-center elementor-invisible elementor-widget elementor-widget-button\" data-id=\"84083e5\" data-element_type=\"widget\" data-e-type=\"widget\" data-settings=\"{&quot;_animation&quot;:&quot;pulse&quot;}\" data-widget_type=\"button.default\">\n\t\t\t\t<div class=\"elementor-widget-container\">\n\t\t\t\t\t\t\t\t\t<div class=\"elementor-button-wrapper\">\n\t\t\t\t\t<a class=\"elementor-button elementor-button-link elementor-size-sm\" href=\"http:\/\/investigacion.institutounao.com.mx\/index.php\/deja-que-te-cuente\/\">\n\t\t\t\t\t\t<span class=\"elementor-button-content-wrapper\">\n\t\t\t\t\t\t<span class=\"elementor-button-icon\">\n\t\t\t\t<i aria-hidden=\"true\" class=\"fas fa-book-open\"><\/i>\t\t\t<\/span>\n\t\t\t\t\t\t\t\t\t<span class=\"elementor-button-text\">Leer<\/span>\n\t\t\t\t\t<\/span>\n\t\t\t\t\t<\/a>\n\t\t\t\t<\/div>\n\t\t\t\t\t\t\t\t<\/div>\n\t\t\t\t<\/div>\n\t\t\t\t\t<\/div>\n\t\t<\/div>\n\t\t\t\t<div class=\"elementor-column elementor-col-25 elementor-top-column elementor-element elementor-element-b124028\" data-id=\"b124028\" data-element_type=\"column\" data-e-type=\"column\">\n\t\t\t<div class=\"elementor-widget-wrap elementor-element-populated\">\n\t\t\t\t\t\t<div class=\"elementor-element elementor-element-94d0ec1 elementor-align-center elementor-invisible elementor-widget elementor-widget-button\" data-id=\"94d0ec1\" data-element_type=\"widget\" data-e-type=\"widget\" data-settings=\"{&quot;_animation&quot;:&quot;pulse&quot;}\" data-widget_type=\"button.default\">\n\t\t\t\t<div class=\"elementor-widget-container\">\n\t\t\t\t\t\t\t\t\t<div class=\"elementor-button-wrapper\">\n\t\t\t\t\t<a class=\"elementor-button elementor-button-link elementor-size-sm\" href=\"http:\/\/investigacion.institutounao.com.mx\/index.php\/contextos\/\">\n\t\t\t\t\t\t<span class=\"elementor-button-content-wrapper\">\n\t\t\t\t\t\t<span class=\"elementor-button-icon\">\n\t\t\t\t<i aria-hidden=\"true\" class=\"fas fa-book-open\"><\/i>\t\t\t<\/span>\n\t\t\t\t\t\t\t\t\t<span class=\"elementor-button-text\">Leer<\/span>\n\t\t\t\t\t<\/span>\n\t\t\t\t\t<\/a>\n\t\t\t\t<\/div>\n\t\t\t\t\t\t\t\t<\/div>\n\t\t\t\t<\/div>\n\t\t\t\t\t<\/div>\n\t\t<\/div>\n\t\t\t\t<div class=\"elementor-column elementor-col-25 elementor-top-column elementor-element elementor-element-f6bb703\" data-id=\"f6bb703\" data-element_type=\"column\" data-e-type=\"column\">\n\t\t\t<div class=\"elementor-widget-wrap elementor-element-populated\">\n\t\t\t\t\t\t<div class=\"elementor-element elementor-element-a6b49a4 elementor-align-center elementor-invisible elementor-widget elementor-widget-button\" data-id=\"a6b49a4\" data-element_type=\"widget\" data-e-type=\"widget\" data-settings=\"{&quot;_animation&quot;:&quot;pulse&quot;}\" data-widget_type=\"button.default\">\n\t\t\t\t<div class=\"elementor-widget-container\">\n\t\t\t\t\t\t\t\t\t<div class=\"elementor-button-wrapper\">\n\t\t\t\t\t<a class=\"elementor-button elementor-button-link elementor-size-sm\" href=\"http:\/\/investigacion.institutounao.com.mx\/index.php\/ensenanza-con-pasion\/\">\n\t\t\t\t\t\t<span class=\"elementor-button-content-wrapper\">\n\t\t\t\t\t\t<span class=\"elementor-button-icon\">\n\t\t\t\t<i aria-hidden=\"true\" class=\"fas fa-book-open\"><\/i>\t\t\t<\/span>\n\t\t\t\t\t\t\t\t\t<span class=\"elementor-button-text\">Leer<\/span>\n\t\t\t\t\t<\/span>\n\t\t\t\t\t<\/a>\n\t\t\t\t<\/div>\n\t\t\t\t\t\t\t\t<\/div>\n\t\t\t\t<\/div>\n\t\t\t\t\t<\/div>\n\t\t<\/div>\n\t\t\t\t<div class=\"elementor-column elementor-col-25 elementor-top-column elementor-element elementor-element-059fe2c\" data-id=\"059fe2c\" data-element_type=\"column\" data-e-type=\"column\">\n\t\t\t<div class=\"elementor-widget-wrap elementor-element-populated\">\n\t\t\t\t\t\t<div class=\"elementor-element elementor-element-c08bef6 elementor-align-center elementor-invisible elementor-widget elementor-widget-button\" data-id=\"c08bef6\" data-element_type=\"widget\" data-e-type=\"widget\" data-settings=\"{&quot;_animation&quot;:&quot;pulse&quot;}\" data-widget_type=\"button.default\">\n\t\t\t\t<div class=\"elementor-widget-container\">\n\t\t\t\t\t\t\t\t\t<div class=\"elementor-button-wrapper\">\n\t\t\t\t\t<a class=\"elementor-button elementor-button-link elementor-size-sm\" href=\"http:\/\/investigacion.institutounao.com.mx\/index.php\/reflexiones\/\">\n\t\t\t\t\t\t<span class=\"elementor-button-content-wrapper\">\n\t\t\t\t\t\t<span class=\"elementor-button-icon\">\n\t\t\t\t<i aria-hidden=\"true\" class=\"fas fa-book-open\"><\/i>\t\t\t<\/span>\n\t\t\t\t\t\t\t\t\t<span class=\"elementor-button-text\">Leer<\/span>\n\t\t\t\t\t<\/span>\n\t\t\t\t\t<\/a>\n\t\t\t\t<\/div>\n\t\t\t\t\t\t\t\t<\/div>\n\t\t\t\t<\/div>\n\t\t\t\t\t<\/div>\n\t\t<\/div>\n\t\t\t\t\t<\/div>\n\t\t<\/section>\n\t\t\t\t<\/div>\n\t\t","protected":false},"excerpt":{"rendered":"<p>Colaboraciones Permanentes Dra. en Desarrollo Humano \/ Mtra. en Educaci\u00f3n; acad\u00e9mica de tiempo completo y Coordinadora de Proyectos de Investigaci\u00f3n del Instituto UNAO. Apasionada de los procesos creativos literarios, escribe cuento y desarrolla temas relacionados con la investigaci\u00f3n educativa. Maestro en Educaci\u00f3n. Acad\u00e9mico de tiempo completo en el Instituto UNAO, <a class=\"read-more\" href=\"https:\/\/investigacion.institutounao.com.mx\/index.php\/colaboraciones-permanentes\/\">Read More&#8230;<\/a><\/p>\n","protected":false},"author":1,"featured_media":0,"parent":0,"menu_order":0,"comment_status":"closed","ping_status":"closed","template":"","meta":{"_joinchat":[],"footnotes":""},"class_list":["post-244","page","type-page","status-publish","hentry"],"_links":{"self":[{"href":"https:\/\/investigacion.institutounao.com.mx\/index.php\/wp-json\/wp\/v2\/pages\/244","targetHints":{"allow":["GET"]}}],"collection":[{"href":"https:\/\/investigacion.institutounao.com.mx\/index.php\/wp-json\/wp\/v2\/pages"}],"about":[{"href":"https:\/\/investigacion.institutounao.com.mx\/index.php\/wp-json\/wp\/v2\/types\/page"}],"author":[{"embeddable":true,"href":"https:\/\/investigacion.institutounao.com.mx\/index.php\/wp-json\/wp\/v2\/users\/1"}],"replies":[{"embeddable":true,"href":"https:\/\/investigacion.institutounao.com.mx\/index.php\/wp-json\/wp\/v2\/comments?post=244"}],"version-history":[{"count":46,"href":"https:\/\/investigacion.institutounao.com.mx\/index.php\/wp-json\/wp\/v2\/pages\/244\/revisions"}],"predecessor-version":[{"id":780,"href":"https:\/\/investigacion.institutounao.com.mx\/index.php\/wp-json\/wp\/v2\/pages\/244\/revisions\/780"}],"wp:attachment":[{"href":"https:\/\/investigacion.institutounao.com.mx\/index.php\/wp-json\/wp\/v2\/media?parent=244"}],"curies":[{"name":"wp","href":"https:\/\/api.w.org\/{rel}","templated":true}]}}