{"id":426,"date":"2022-04-21T19:01:37","date_gmt":"2022-04-21T19:01:37","guid":{"rendered":"http:\/\/investigacion.institutounao.com.mx\/?page_id=426"},"modified":"2022-05-11T17:51:55","modified_gmt":"2022-05-11T17:51:55","slug":"ganar-por-partida-doble","status":"publish","type":"page","link":"https:\/\/investigacion.institutounao.com.mx\/index.php\/ganar-por-partida-doble\/","title":{"rendered":"Ganar por partida doble"},"content":{"rendered":"\t\t<div data-elementor-type=\"wp-page\" data-elementor-id=\"426\" class=\"elementor elementor-426\">\n\t\t\t\t\t\t<section class=\"elementor-section elementor-top-section elementor-element elementor-element-ba753e0 elementor-section-boxed elementor-section-height-default elementor-section-height-default\" data-id=\"ba753e0\" data-element_type=\"section\" data-e-type=\"section\">\n\t\t\t\t\t\t<div class=\"elementor-container elementor-column-gap-default\">\n\t\t\t\t\t<div class=\"elementor-column elementor-col-100 elementor-top-column elementor-element elementor-element-861032f\" data-id=\"861032f\" data-element_type=\"column\" data-e-type=\"column\">\n\t\t\t<div class=\"elementor-widget-wrap elementor-element-populated\">\n\t\t\t\t\t\t<div class=\"elementor-element elementor-element-c6e96f4 elementor-widget elementor-widget-heading\" data-id=\"c6e96f4\" data-element_type=\"widget\" data-e-type=\"widget\" data-widget_type=\"heading.default\">\n\t\t\t\t<div class=\"elementor-widget-container\">\n\t\t\t\t\t<h2 class=\"elementor-heading-title elementor-size-default\">Ganar por Partida Doble<\/h2>\t\t\t\t<\/div>\n\t\t\t\t<\/div>\n\t\t\t\t\t<\/div>\n\t\t<\/div>\n\t\t\t\t\t<\/div>\n\t\t<\/section>\n\t\t\t\t<section class=\"elementor-section elementor-top-section elementor-element elementor-element-ae7ed9f elementor-section-boxed elementor-section-height-default elementor-section-height-default\" data-id=\"ae7ed9f\" data-element_type=\"section\" data-e-type=\"section\">\n\t\t\t\t\t\t<div class=\"elementor-container elementor-column-gap-default\">\n\t\t\t\t\t<div class=\"elementor-column elementor-col-100 elementor-top-column elementor-element elementor-element-ac985fd\" data-id=\"ac985fd\" data-element_type=\"column\" data-e-type=\"column\">\n\t\t\t<div class=\"elementor-widget-wrap elementor-element-populated\">\n\t\t\t\t\t\t<div class=\"elementor-element elementor-element-979f115 elementor-widget elementor-widget-image\" data-id=\"979f115\" data-element_type=\"widget\" data-e-type=\"widget\" data-widget_type=\"image.default\">\n\t\t\t\t<div class=\"elementor-widget-container\">\n\t\t\t\t\t\t\t\t\t\t\t\t\t\t\t<img decoding=\"async\" width=\"150\" height=\"150\" src=\"https:\/\/investigacion.institutounao.com.mx\/wp-content\/uploads\/2022\/04\/Aliweb-150x150.png\" class=\"attachment-thumbnail size-thumbnail wp-image-272\" alt=\"\" srcset=\"https:\/\/investigacion.institutounao.com.mx\/wp-content\/uploads\/2022\/04\/Aliweb-150x150.png 150w, https:\/\/investigacion.institutounao.com.mx\/wp-content\/uploads\/2022\/04\/Aliweb-300x300.png 300w, https:\/\/investigacion.institutounao.com.mx\/wp-content\/uploads\/2022\/04\/Aliweb-175x175.png 175w, https:\/\/investigacion.institutounao.com.mx\/wp-content\/uploads\/2022\/04\/Aliweb-165x165.png 165w, https:\/\/investigacion.institutounao.com.mx\/wp-content\/uploads\/2022\/04\/Aliweb-350x350.png 350w, https:\/\/investigacion.institutounao.com.mx\/wp-content\/uploads\/2022\/04\/Aliweb.png 760w\" sizes=\"(max-width: 150px) 100vw, 150px\" \/>\t\t\t\t\t\t\t\t\t\t\t\t\t\t\t<\/div>\n\t\t\t\t<\/div>\n\t\t\t\t\t<\/div>\n\t\t<\/div>\n\t\t\t\t\t<\/div>\n\t\t<\/section>\n\t\t\t\t<section class=\"elementor-section elementor-top-section elementor-element elementor-element-4803bb7 elementor-section-boxed elementor-section-height-default elementor-section-height-default\" data-id=\"4803bb7\" data-element_type=\"section\" data-e-type=\"section\">\n\t\t\t\t\t\t<div class=\"elementor-container elementor-column-gap-default\">\n\t\t\t\t\t<div class=\"elementor-column elementor-col-100 elementor-top-column elementor-element elementor-element-353c415\" data-id=\"353c415\" data-element_type=\"column\" data-e-type=\"column\">\n\t\t\t<div class=\"elementor-widget-wrap elementor-element-populated\">\n\t\t\t\t\t\t<div class=\"elementor-element elementor-element-d5b9438 elementor-widget elementor-widget-heading\" data-id=\"d5b9438\" data-element_type=\"widget\" data-e-type=\"widget\" data-widget_type=\"heading.default\">\n\t\t\t\t<div class=\"elementor-widget-container\">\n\t\t\t\t\t<h2 class=\"elementor-heading-title elementor-size-default\">Alicia Solano<\/h2>\t\t\t\t<\/div>\n\t\t\t\t<\/div>\n\t\t\t\t\t<\/div>\n\t\t<\/div>\n\t\t\t\t\t<\/div>\n\t\t<\/section>\n\t\t\t\t<section class=\"elementor-section elementor-top-section elementor-element elementor-element-6b29a2f elementor-section-boxed elementor-section-height-default elementor-section-height-default\" data-id=\"6b29a2f\" data-element_type=\"section\" data-e-type=\"section\">\n\t\t\t\t\t\t<div class=\"elementor-container elementor-column-gap-default\">\n\t\t\t\t\t<div class=\"elementor-column elementor-col-100 elementor-top-column elementor-element elementor-element-cd7081a\" data-id=\"cd7081a\" data-element_type=\"column\" data-e-type=\"column\">\n\t\t\t<div class=\"elementor-widget-wrap elementor-element-populated\">\n\t\t\t\t\t\t<div class=\"elementor-element elementor-element-0fe550f elementor-widget elementor-widget-text-editor\" data-id=\"0fe550f\" data-element_type=\"widget\" data-e-type=\"widget\" data-widget_type=\"text-editor.default\">\n\t\t\t\t<div class=\"elementor-widget-container\">\n\t\t\t\t\t\t\t\t\t<p>Dra. en Desarrollo Humano \/ Mtra. en Educaci\u00f3n; acad\u00e9mica de tiempo completo y Coordinadora de Proyectos de Investigaci\u00f3n del Instituto UNAO. Apasionada de los procesos creativos literarios, escribe cuento y desarrolla temas relacionados con la investigaci\u00f3n educativa.<\/p><p>\u00a0<\/p>\t\t\t\t\t\t\t\t<\/div>\n\t\t\t\t<\/div>\n\t\t\t\t\t<\/div>\n\t\t<\/div>\n\t\t\t\t\t<\/div>\n\t\t<\/section>\n\t\t\t\t<section class=\"elementor-section elementor-top-section elementor-element elementor-element-38916b4 elementor-section-boxed elementor-section-height-default elementor-section-height-default\" data-id=\"38916b4\" data-element_type=\"section\" data-e-type=\"section\">\n\t\t\t\t\t\t<div class=\"elementor-container elementor-column-gap-default\">\n\t\t\t\t\t<div class=\"elementor-column elementor-col-100 elementor-top-column elementor-element elementor-element-5eb14f2\" data-id=\"5eb14f2\" data-element_type=\"column\" data-e-type=\"column\">\n\t\t\t<div class=\"elementor-widget-wrap elementor-element-populated\">\n\t\t\t\t\t\t<div class=\"elementor-element elementor-element-02e8696 elementor-widget elementor-widget-text-editor\" data-id=\"02e8696\" data-element_type=\"widget\" data-e-type=\"widget\" data-widget_type=\"text-editor.default\">\n\t\t\t\t<div class=\"elementor-widget-container\">\n\t\t\t\t\t\t\t\t\t<p>Cuando despert\u00f3, descubri\u00f3 que hab\u00eda ganado el avi\u00f3n presidencial, el ruido poco a poco se hizo m\u00e1s intenso y cada vez con m\u00e1s claridad escuchaba a lo lejos el tema sobre la rifa de la aeronave, abri\u00f3 un solo ojo y pudo ver en la televisi\u00f3n del hospital que anunciaban al ganador, ella no sent\u00eda m\u00e1s que dolor en todo el cuerpo, pero, ten\u00eda todav\u00eda en la mano aquel papel que le garantizar\u00eda el pase a una nueva vida, era el boleto, sent\u00eda c\u00f3mo lo apretaba para no dejar que nadie se lo quitara, con mucho esfuerzo alz\u00f3 la mano derecha y vio, al principio borroso y cada vez m\u00e1s claro el n\u00famero que estaba en la pantalla, no pod\u00eda gritar, no pod\u00eda decirle a nadie, hab\u00eda ganado.<\/p><p>S\u00ed, efectivamente, hab\u00eda ganado el avi\u00f3n presidencial, el n\u00famero coincid\u00eda con el que ten\u00eda entre las manos, despu\u00e9s de sentir el triunfo se percat\u00f3 de en donde estaba, era un hospital, trat\u00f3 de mirar a su alrededor y ten\u00eda las piernas enyesadas, no pod\u00eda moverse, \u00a0por un momento se asust\u00f3 pero poco a poco record\u00f3 que fue lo que la llev\u00f3 a ese lugar y a ingresar en el estado que estaba segura se encontraba.<\/p><p>Lo que vino despu\u00e9s no pudo ser m\u00e1s que una profunda risa, era rid\u00edculo pensar en qu\u00e9 termin\u00f3 todo, ella ten\u00eda el dinero suficiente para comprar m\u00e1s de un boleto y lo hab\u00eda hecho, lo hizo por burla, por saber que nunca un individuo normal podr\u00eda poseer un premio de tal naturaleza y finalmente porque quer\u00eda que alguien m\u00e1s lo obtuviera para burlase con las consecuencias de tener un avi\u00f3n.<\/p><p>La palabra hubiera no deber\u00eda existir en nuestro vocabulario pensaba una y otra vez, si ella no hubiera salido temprano del trabajo el d\u00eda anterior, no hubiera recorrido esas calles para buscar la librer\u00eda que le recomendaron y finalmente no hubiera descubierto ese sitio en el que por pelear, el Gran Premio era llevarse un boleto para participar en la rifa del avi\u00f3n, lo que le motiv\u00f3 a entrar no fue el premio, sino saber qui\u00e9n estaba en ese lugar.<\/p><p>Ella sab\u00eda que era \u00e9l, m\u00e1s viejo sin duda, tanto como ella, al fin de cuentas ten\u00edan la misma edad, hab\u00edan coincidido tres veces ya en esta vida y en todas ella terminaba lastimada,\u00a0 abandonada \u00a0y dolida, lo ubic\u00f3 y sab\u00eda que estar\u00eda atendiendo a los heridos en los combates, hurg\u00f3 y hurg\u00f3 en su mente una idea que la llevara a casa de nuevo pero no la encontr\u00f3 as\u00ed que busc\u00f3 la manera de que la anotaran y comenz\u00f3 la carrera contra el tiempo para alcanzar ganar.<\/p><p>Si de algo estaba orgullosa era que a pesar de su debilidad emocional, siempre hab\u00eda sido excelente golpeando a las personas, no era muy fuerte al contrario m\u00e1s bien era delgada y sin fuerza pero resist\u00eda los golpes como si su piel fuera de goma, el dolor tanto interno como de afuera se hab\u00eda convertido en una forma de vida, trabajaba de manera aburrida en una dependencia de gobierno como secretaria as\u00ed que al menos esto le dar\u00eda algo que contar a sus amigas y si ten\u00eda suerte sorprender\u00eda a su amor, d\u00e1ndole lo que hasta ese momento hab\u00eda guardado para \u00e9l.<\/p><p>Uno tras otro los encuentros se fueron dando, complet\u00f3 seis antes de que hubiera un motivo para llevarla a la enfermer\u00eda, la hab\u00edan dejado ir por una fisura en la clav\u00edcula con la promesa de regresar a terminar los combates, ella sab\u00eda que no hubo nunca una preocupaci\u00f3n por parte de los que organizaban las peleas sino que ya hab\u00edan visto en ella a una persona de la cual sacar provecho, la sorpresa para el m\u00e9dico vino inmediatamente pues la reconoci\u00f3 e intent\u00f3 disimular, ella disimul\u00f3 tambi\u00e9n y casi al t\u00e9rmino de su curaci\u00f3n pudo observar que no habr\u00eda nadie que se llevara un boleto a su casa; los m\u00e9dicos inyectaban cianuro a los heridos para quedarse ellos con los mismos, ella lo not\u00f3 y agradeci\u00f3 estar en ese momento en el lugar indicado.<\/p><p>Volvi\u00f3 a la pelea y cuando por fin la declararon vencedora y le entregaron su boleto, lo apret\u00f3 fuertemente con la mano derecha y la llevaron de vuelta a la enfermer\u00eda, no pod\u00eda caminar pero mientras avanzaba y llegaba a su destino supo lo que ten\u00eda que hacer, la acostaron en una camilla y fue \u00e9l el que pidi\u00f3 atenderla, sac\u00f3 de su bata una jeringa y ella alcanz\u00f3 a ver 4 boletos en su haber, inesperadamente lo bes\u00f3 con fuerza y lo mir\u00f3 como lo miraba antes, le quit\u00f3 la jeringa y se la enterr\u00f3 en el cuello, \u00e9l cay\u00f3 al suelo y todos comenzaron a acercarse.<\/p><p>Por dentro se sent\u00eda feliz hab\u00eda concluido un episodio en su vida y ahora lastimada as\u00ed como\u00a0 estaba supo que estaba libre, sus recuerdos terminaron en ese punto y regres\u00f3 al hospital mientras alguien la llamaba, no pod\u00eda m\u00e1s que mostrar una sonrisa en el rostro y esperar, al fin de cuentas en esos dos d\u00edas hab\u00eda ganado por partida doble, se burlaba de ella misma al saber qu\u00e9 ser\u00eda a partir de ese momento, tom\u00f3 el boleto con dificultad con ambas manos y lo rompi\u00f3, el avi\u00f3n la hab\u00eda hecho completar su destino y ahora ella le dejaba al pa\u00eds la tarea de declarar desierto un sorteo que al \u00a0igual que su decisi\u00f3n de anoche hab\u00eda sido rid\u00edculo.<\/p>\t\t\t\t\t\t\t\t<\/div>\n\t\t\t\t<\/div>\n\t\t\t\t\t<\/div>\n\t\t<\/div>\n\t\t\t\t\t<\/div>\n\t\t<\/section>\n\t\t\t\t<section class=\"elementor-section elementor-top-section elementor-element elementor-element-bbe624e elementor-section-boxed elementor-section-height-default elementor-section-height-default\" data-id=\"bbe624e\" data-element_type=\"section\" data-e-type=\"section\">\n\t\t\t\t\t\t<div class=\"elementor-container elementor-column-gap-default\">\n\t\t\t\t\t<div class=\"elementor-column elementor-col-100 elementor-top-column elementor-element elementor-element-fda0c6d\" data-id=\"fda0c6d\" data-element_type=\"column\" data-e-type=\"column\">\n\t\t\t<div class=\"elementor-widget-wrap elementor-element-populated\">\n\t\t\t\t\t\t<div class=\"elementor-element elementor-element-121fb02 elementor-widget elementor-widget-text-editor\" data-id=\"121fb02\" data-element_type=\"widget\" data-e-type=\"widget\" data-widget_type=\"text-editor.default\">\n\t\t\t\t<div class=\"elementor-widget-container\">\n\t\t\t\t\t\t\t\t\t<p>Oaxaca &#8211; abril 2022<\/p>\t\t\t\t\t\t\t\t<\/div>\n\t\t\t\t<\/div>\n\t\t\t\t\t<\/div>\n\t\t<\/div>\n\t\t\t\t\t<\/div>\n\t\t<\/section>\n\t\t\t\t<\/div>\n\t\t","protected":false},"excerpt":{"rendered":"<p>Ganar por Partida Doble Alicia Solano Dra. en Desarrollo Humano \/ Mtra. en Educaci\u00f3n; acad\u00e9mica de tiempo completo y Coordinadora de Proyectos de Investigaci\u00f3n del Instituto UNAO. Apasionada de los procesos creativos literarios, escribe cuento y desarrolla temas relacionados con la investigaci\u00f3n educativa. \u00a0 Cuando despert\u00f3, descubri\u00f3 que hab\u00eda ganado <a class=\"read-more\" href=\"https:\/\/investigacion.institutounao.com.mx\/index.php\/ganar-por-partida-doble\/\">Read More&#8230;<\/a><\/p>\n","protected":false},"author":1,"featured_media":0,"parent":0,"menu_order":0,"comment_status":"closed","ping_status":"closed","template":"","meta":{"_joinchat":[],"footnotes":""},"class_list":["post-426","page","type-page","status-publish","hentry"],"_links":{"self":[{"href":"https:\/\/investigacion.institutounao.com.mx\/index.php\/wp-json\/wp\/v2\/pages\/426","targetHints":{"allow":["GET"]}}],"collection":[{"href":"https:\/\/investigacion.institutounao.com.mx\/index.php\/wp-json\/wp\/v2\/pages"}],"about":[{"href":"https:\/\/investigacion.institutounao.com.mx\/index.php\/wp-json\/wp\/v2\/types\/page"}],"author":[{"embeddable":true,"href":"https:\/\/investigacion.institutounao.com.mx\/index.php\/wp-json\/wp\/v2\/users\/1"}],"replies":[{"embeddable":true,"href":"https:\/\/investigacion.institutounao.com.mx\/index.php\/wp-json\/wp\/v2\/comments?post=426"}],"version-history":[{"count":7,"href":"https:\/\/investigacion.institutounao.com.mx\/index.php\/wp-json\/wp\/v2\/pages\/426\/revisions"}],"predecessor-version":[{"id":517,"href":"https:\/\/investigacion.institutounao.com.mx\/index.php\/wp-json\/wp\/v2\/pages\/426\/revisions\/517"}],"wp:attachment":[{"href":"https:\/\/investigacion.institutounao.com.mx\/index.php\/wp-json\/wp\/v2\/media?parent=426"}],"curies":[{"name":"wp","href":"https:\/\/api.w.org\/{rel}","templated":true}]}}