{"id":526,"date":"2022-05-25T21:52:09","date_gmt":"2022-05-25T21:52:09","guid":{"rendered":"http:\/\/investigacion.institutounao.com.mx\/?page_id=526"},"modified":"2022-05-25T21:54:58","modified_gmt":"2022-05-25T21:54:58","slug":"que-comprarias-con-44-mil-millones-de-dolares","status":"publish","type":"page","link":"https:\/\/investigacion.institutounao.com.mx\/index.php\/que-comprarias-con-44-mil-millones-de-dolares\/","title":{"rendered":"\u00bfQu\u00e9 comprar\u00edas con 44 mil millones de d\u00f3lares?"},"content":{"rendered":"\t\t<div data-elementor-type=\"wp-page\" data-elementor-id=\"526\" class=\"elementor elementor-526\">\n\t\t\t\t\t\t<section class=\"elementor-section elementor-top-section elementor-element elementor-element-38a698b elementor-section-boxed elementor-section-height-default elementor-section-height-default\" data-id=\"38a698b\" data-element_type=\"section\" data-e-type=\"section\">\n\t\t\t\t\t\t<div class=\"elementor-container elementor-column-gap-default\">\n\t\t\t\t\t<div class=\"elementor-column elementor-col-100 elementor-top-column elementor-element elementor-element-fed75ec\" data-id=\"fed75ec\" data-element_type=\"column\" data-e-type=\"column\">\n\t\t\t<div class=\"elementor-widget-wrap elementor-element-populated\">\n\t\t\t\t\t\t<div class=\"elementor-element elementor-element-4ab172a elementor-widget elementor-widget-heading\" data-id=\"4ab172a\" data-element_type=\"widget\" data-e-type=\"widget\" data-widget_type=\"heading.default\">\n\t\t\t\t<div class=\"elementor-widget-container\">\n\t\t\t\t\t<h2 class=\"elementor-heading-title elementor-size-default\">\u00bfQu\u00e9 Comprar\u00edas con 44 Mil Millones de D\u00f3lares?<\/h2>\t\t\t\t<\/div>\n\t\t\t\t<\/div>\n\t\t\t\t\t<\/div>\n\t\t<\/div>\n\t\t\t\t\t<\/div>\n\t\t<\/section>\n\t\t\t\t<section class=\"elementor-section elementor-top-section elementor-element elementor-element-f4f3083 elementor-section-boxed elementor-section-height-default elementor-section-height-default\" data-id=\"f4f3083\" data-element_type=\"section\" data-e-type=\"section\">\n\t\t\t\t\t\t<div class=\"elementor-container elementor-column-gap-default\">\n\t\t\t\t\t<div class=\"elementor-column elementor-col-100 elementor-top-column elementor-element elementor-element-0cedd65\" data-id=\"0cedd65\" data-element_type=\"column\" data-e-type=\"column\">\n\t\t\t<div class=\"elementor-widget-wrap elementor-element-populated\">\n\t\t\t\t\t\t<div class=\"elementor-element elementor-element-f5735cd elementor-widget elementor-widget-image\" data-id=\"f5735cd\" data-element_type=\"widget\" data-e-type=\"widget\" data-widget_type=\"image.default\">\n\t\t\t\t<div class=\"elementor-widget-container\">\n\t\t\t\t\t\t\t\t\t\t\t\t\t\t\t<img decoding=\"async\" width=\"150\" height=\"150\" src=\"https:\/\/investigacion.institutounao.com.mx\/wp-content\/uploads\/2022\/04\/Aliweb-150x150.png\" class=\"attachment-thumbnail size-thumbnail wp-image-272\" alt=\"\" srcset=\"https:\/\/investigacion.institutounao.com.mx\/wp-content\/uploads\/2022\/04\/Aliweb-150x150.png 150w, https:\/\/investigacion.institutounao.com.mx\/wp-content\/uploads\/2022\/04\/Aliweb-300x300.png 300w, https:\/\/investigacion.institutounao.com.mx\/wp-content\/uploads\/2022\/04\/Aliweb-175x175.png 175w, https:\/\/investigacion.institutounao.com.mx\/wp-content\/uploads\/2022\/04\/Aliweb-165x165.png 165w, https:\/\/investigacion.institutounao.com.mx\/wp-content\/uploads\/2022\/04\/Aliweb-350x350.png 350w, https:\/\/investigacion.institutounao.com.mx\/wp-content\/uploads\/2022\/04\/Aliweb.png 760w\" sizes=\"(max-width: 150px) 100vw, 150px\" \/>\t\t\t\t\t\t\t\t\t\t\t\t\t\t\t<\/div>\n\t\t\t\t<\/div>\n\t\t\t\t\t<\/div>\n\t\t<\/div>\n\t\t\t\t\t<\/div>\n\t\t<\/section>\n\t\t\t\t<section class=\"elementor-section elementor-top-section elementor-element elementor-element-ca38438 elementor-section-boxed elementor-section-height-default elementor-section-height-default\" data-id=\"ca38438\" data-element_type=\"section\" data-e-type=\"section\">\n\t\t\t\t\t\t<div class=\"elementor-container elementor-column-gap-default\">\n\t\t\t\t\t<div class=\"elementor-column elementor-col-100 elementor-top-column elementor-element elementor-element-72b1c79\" data-id=\"72b1c79\" data-element_type=\"column\" data-e-type=\"column\">\n\t\t\t<div class=\"elementor-widget-wrap elementor-element-populated\">\n\t\t\t\t\t\t<div class=\"elementor-element elementor-element-011ff07 elementor-widget elementor-widget-heading\" data-id=\"011ff07\" data-element_type=\"widget\" data-e-type=\"widget\" data-widget_type=\"heading.default\">\n\t\t\t\t<div class=\"elementor-widget-container\">\n\t\t\t\t\t<h2 class=\"elementor-heading-title elementor-size-default\">Alicia Solano<\/h2>\t\t\t\t<\/div>\n\t\t\t\t<\/div>\n\t\t\t\t\t<\/div>\n\t\t<\/div>\n\t\t\t\t\t<\/div>\n\t\t<\/section>\n\t\t\t\t<section class=\"elementor-section elementor-top-section elementor-element elementor-element-0301e19 elementor-section-boxed elementor-section-height-default elementor-section-height-default\" data-id=\"0301e19\" data-element_type=\"section\" data-e-type=\"section\">\n\t\t\t\t\t\t<div class=\"elementor-container elementor-column-gap-default\">\n\t\t\t\t\t<div class=\"elementor-column elementor-col-100 elementor-top-column elementor-element elementor-element-0643844\" data-id=\"0643844\" data-element_type=\"column\" data-e-type=\"column\">\n\t\t\t<div class=\"elementor-widget-wrap elementor-element-populated\">\n\t\t\t\t\t\t<div class=\"elementor-element elementor-element-3529e03 elementor-widget elementor-widget-text-editor\" data-id=\"3529e03\" data-element_type=\"widget\" data-e-type=\"widget\" data-widget_type=\"text-editor.default\">\n\t\t\t\t<div class=\"elementor-widget-container\">\n\t\t\t\t\t\t\t\t\t<p><em>Dra. en Desarrollo Humano \/ Mtra. en Educaci\u00f3n; acad\u00e9mica de tiempo completo y Coordinadora de Proyectos de Investigaci\u00f3n del Instituto UNAO. Apasionada de los procesos creativos literarios, escribe cuento y desarrolla temas relacionados con la investigaci\u00f3n educativa.<\/em><\/p>\t\t\t\t\t\t\t\t<\/div>\n\t\t\t\t<\/div>\n\t\t\t\t\t<\/div>\n\t\t<\/div>\n\t\t\t\t\t<\/div>\n\t\t<\/section>\n\t\t\t\t<section class=\"elementor-section elementor-top-section elementor-element elementor-element-e83982f elementor-section-boxed elementor-section-height-default elementor-section-height-default\" data-id=\"e83982f\" data-element_type=\"section\" data-e-type=\"section\">\n\t\t\t\t\t\t<div class=\"elementor-container elementor-column-gap-default\">\n\t\t\t\t\t<div class=\"elementor-column elementor-col-100 elementor-top-column elementor-element elementor-element-3147f50\" data-id=\"3147f50\" data-element_type=\"column\" data-e-type=\"column\">\n\t\t\t<div class=\"elementor-widget-wrap elementor-element-populated\">\n\t\t\t\t\t\t<div class=\"elementor-element elementor-element-ac6d940 elementor-widget elementor-widget-text-editor\" data-id=\"ac6d940\" data-element_type=\"widget\" data-e-type=\"widget\" data-widget_type=\"text-editor.default\">\n\t\t\t\t<div class=\"elementor-widget-container\">\n\t\t\t\t\t\t\t\t\t<p>\u00bfQu\u00e9 har\u00edan ustedes con 44 mil millones de d\u00f3lares? Es una pregunta importante, apuesto a que m\u00e1s de uno ya hizo el c\u00e1lculo y se traslad\u00f3 al menos por el lapso de unos minutos al sue\u00f1o de tratar de administrar en una vida completa tal cantidad de dinero, algunos lo distribuir\u00edan entre la familia, pagar\u00edan deudas, asegurar\u00edan el futuro de sus hijos, viajar\u00edan, etc, etc, etc.<\/p><p>\u00a0Hace un poco m\u00e1s de dos semanas Elon Musk\u00a0\u00a0 empresario arquitecto en Tesla, fundador de SpaceX y otras compa\u00f1\u00edas considerado la persona m\u00e1s rica del mundo en la lista de multimillonarios de Forbes, hizo una propuesta a los directivos de la red social Twitter para comprarla por tal cantidad, en d\u00edas anteriores fuimos testigos de la avalancha de informaci\u00f3n en la cobertura respecto a que parece inminente que el magnate sea en un futuro no muy lejano el due\u00f1o de tan apreciada red.<\/p><p>Lo anterior ha permitido poner sobre la mesa por un lado las enormes diferencias econ\u00f3micas en el mundo, pero tambi\u00e9n, y es la cuesti\u00f3n que me resulta m\u00e1s interesante \u00bfPara qu\u00e9 comprar\u00eda una red social?, cada semana me encuentro con escenarios distintos en donde la palabra tal como hemos visto tiene un inmenso poder, el caso Musk-Twitter abre un debate sobre la posibilidad tal como \u00e9l lo plante\u00f3 de desbloquear el incre\u00edble potencial de la empresa de redes sociales.<\/p><p>\u00bfDesbloquear?\u00a0 Es un verbo curioso, cuando bloqueas a alguien o algo quiere decir que has interpuesto una barrera para que no pueda llegar, atravesar, \u00a1Comunicarse!, Twitter sent\u00f3 un precedente al bloquear, anular, silenciar discursos que promueven el odio hacia otras personas o la ignorancia sobre temas como la pandemia por poner algunos ejemplos, lo que la red social decidi\u00f3 hacer en ese punto me pareci\u00f3 el inicio de una discusi\u00f3n interesante sobre \u00bfqu\u00e9 se puede decir en los espacios virtuales?, \u00bfc\u00f3mo comenzar\u00edamos a comunicarnos entonces?, en el momento en el que Elon Musk declara que desbloquear\u00e1 el potencial de Twitter me parece est\u00e1 anunciando el retiro de diversos candados que ya hab\u00edan sido puestos para evitar que en pleno 2022 las personas sigan a otras y no asuman un criterio para opinar o construir argumentos.<\/p><p>\u00bfQu\u00e9 es lo que viene? nuestra atenci\u00f3n deber\u00e1 estar puesta hacia las decisiones que se tomen a partir de ahora y revisar que en este caso se trata del uso de la palabra en su m\u00e1xima expresi\u00f3n, twitter ser\u00e1 un oasis en el que todos podamos decir lo que consideremos sea lo mejor para nosotros y esas opiniones se quedar\u00e1n en el ciberespacio de manera permanente.\u00a0<\/p>\t\t\t\t\t\t\t\t<\/div>\n\t\t\t\t<\/div>\n\t\t\t\t\t<\/div>\n\t\t<\/div>\n\t\t\t\t\t<\/div>\n\t\t<\/section>\n\t\t\t\t<\/div>\n\t\t","protected":false},"excerpt":{"rendered":"<p>\u00bfQu\u00e9 Comprar\u00edas con 44 Mil Millones de D\u00f3lares? Alicia Solano Dra. en Desarrollo Humano \/ Mtra. en Educaci\u00f3n; acad\u00e9mica de tiempo completo y Coordinadora de Proyectos de Investigaci\u00f3n del Instituto UNAO. Apasionada de los procesos creativos literarios, escribe cuento y desarrolla temas relacionados con la investigaci\u00f3n educativa. \u00bfQu\u00e9 har\u00edan ustedes <a class=\"read-more\" href=\"https:\/\/investigacion.institutounao.com.mx\/index.php\/que-comprarias-con-44-mil-millones-de-dolares\/\">Read More&#8230;<\/a><\/p>\n","protected":false},"author":1,"featured_media":0,"parent":0,"menu_order":0,"comment_status":"closed","ping_status":"closed","template":"","meta":{"_joinchat":[],"footnotes":""},"class_list":["post-526","page","type-page","status-publish","hentry"],"_links":{"self":[{"href":"https:\/\/investigacion.institutounao.com.mx\/index.php\/wp-json\/wp\/v2\/pages\/526","targetHints":{"allow":["GET"]}}],"collection":[{"href":"https:\/\/investigacion.institutounao.com.mx\/index.php\/wp-json\/wp\/v2\/pages"}],"about":[{"href":"https:\/\/investigacion.institutounao.com.mx\/index.php\/wp-json\/wp\/v2\/types\/page"}],"author":[{"embeddable":true,"href":"https:\/\/investigacion.institutounao.com.mx\/index.php\/wp-json\/wp\/v2\/users\/1"}],"replies":[{"embeddable":true,"href":"https:\/\/investigacion.institutounao.com.mx\/index.php\/wp-json\/wp\/v2\/comments?post=526"}],"version-history":[{"count":4,"href":"https:\/\/investigacion.institutounao.com.mx\/index.php\/wp-json\/wp\/v2\/pages\/526\/revisions"}],"predecessor-version":[{"id":531,"href":"https:\/\/investigacion.institutounao.com.mx\/index.php\/wp-json\/wp\/v2\/pages\/526\/revisions\/531"}],"wp:attachment":[{"href":"https:\/\/investigacion.institutounao.com.mx\/index.php\/wp-json\/wp\/v2\/media?parent=526"}],"curies":[{"name":"wp","href":"https:\/\/api.w.org\/{rel}","templated":true}]}}