{"id":619,"date":"2022-08-05T18:16:38","date_gmt":"2022-08-05T18:16:38","guid":{"rendered":"http:\/\/investigacion.institutounao.com.mx\/?page_id=619"},"modified":"2022-08-05T20:35:40","modified_gmt":"2022-08-05T20:35:40","slug":"guadalupe-silva","status":"publish","type":"page","link":"https:\/\/investigacion.institutounao.com.mx\/index.php\/guadalupe-silva\/","title":{"rendered":"Colaboraciones &#8211; Estudiantes &#8211; Guadalupe Silva"},"content":{"rendered":"\t\t<div data-elementor-type=\"wp-page\" data-elementor-id=\"619\" class=\"elementor elementor-619\">\n\t\t\t\t\t\t<section class=\"elementor-section elementor-top-section elementor-element elementor-element-0f44fc2 elementor-section-boxed elementor-section-height-default elementor-section-height-default\" data-id=\"0f44fc2\" data-element_type=\"section\" data-e-type=\"section\">\n\t\t\t\t\t\t<div class=\"elementor-container elementor-column-gap-default\">\n\t\t\t\t\t<div class=\"elementor-column elementor-col-100 elementor-top-column elementor-element elementor-element-9cf244a\" data-id=\"9cf244a\" data-element_type=\"column\" data-e-type=\"column\">\n\t\t\t<div class=\"elementor-widget-wrap elementor-element-populated\">\n\t\t\t\t\t\t<div class=\"elementor-element elementor-element-e594f32 elementor-widget elementor-widget-image\" data-id=\"e594f32\" data-element_type=\"widget\" data-e-type=\"widget\" data-widget_type=\"image.default\">\n\t\t\t\t<div class=\"elementor-widget-container\">\n\t\t\t\t\t\t\t\t\t\t\t\t\t\t\t<img decoding=\"async\" width=\"150\" height=\"150\" src=\"https:\/\/investigacion.institutounao.com.mx\/wp-content\/uploads\/2022\/08\/Lupita-150x150.png\" class=\"attachment-thumbnail size-thumbnail wp-image-624\" alt=\"\" srcset=\"https:\/\/investigacion.institutounao.com.mx\/wp-content\/uploads\/2022\/08\/Lupita-150x150.png 150w, https:\/\/investigacion.institutounao.com.mx\/wp-content\/uploads\/2022\/08\/Lupita-300x300.png 300w, https:\/\/investigacion.institutounao.com.mx\/wp-content\/uploads\/2022\/08\/Lupita-1024x1024.png 1024w, https:\/\/investigacion.institutounao.com.mx\/wp-content\/uploads\/2022\/08\/Lupita-768x768.png 768w, https:\/\/investigacion.institutounao.com.mx\/wp-content\/uploads\/2022\/08\/Lupita-175x175.png 175w, https:\/\/investigacion.institutounao.com.mx\/wp-content\/uploads\/2022\/08\/Lupita-165x165.png 165w, https:\/\/investigacion.institutounao.com.mx\/wp-content\/uploads\/2022\/08\/Lupita-350x350.png 350w, https:\/\/investigacion.institutounao.com.mx\/wp-content\/uploads\/2022\/08\/Lupita.png 1080w\" sizes=\"(max-width: 150px) 100vw, 150px\" \/>\t\t\t\t\t\t\t\t\t\t\t\t\t\t\t<\/div>\n\t\t\t\t<\/div>\n\t\t\t\t\t<\/div>\n\t\t<\/div>\n\t\t\t\t\t<\/div>\n\t\t<\/section>\n\t\t\t\t<section class=\"elementor-section elementor-top-section elementor-element elementor-element-f2c7efa elementor-section-boxed elementor-section-height-default elementor-section-height-default\" data-id=\"f2c7efa\" data-element_type=\"section\" data-e-type=\"section\">\n\t\t\t\t\t\t<div class=\"elementor-container elementor-column-gap-default\">\n\t\t\t\t\t<div class=\"elementor-column elementor-col-100 elementor-top-column elementor-element elementor-element-26b5de2\" data-id=\"26b5de2\" data-element_type=\"column\" data-e-type=\"column\">\n\t\t\t<div class=\"elementor-widget-wrap elementor-element-populated\">\n\t\t\t\t\t\t<div class=\"elementor-element elementor-element-cf39344 elementor-widget elementor-widget-heading\" data-id=\"cf39344\" data-element_type=\"widget\" data-e-type=\"widget\" data-widget_type=\"heading.default\">\n\t\t\t\t<div class=\"elementor-widget-container\">\n\t\t\t\t\t<h2 class=\"elementor-heading-title elementor-size-default\">Guadalupe Silva<\/h2>\t\t\t\t<\/div>\n\t\t\t\t<\/div>\n\t\t\t\t\t<\/div>\n\t\t<\/div>\n\t\t\t\t\t<\/div>\n\t\t<\/section>\n\t\t\t\t<section class=\"elementor-section elementor-top-section elementor-element elementor-element-0fdd0bf elementor-section-boxed elementor-section-height-default elementor-section-height-default\" data-id=\"0fdd0bf\" data-element_type=\"section\" data-e-type=\"section\">\n\t\t\t\t\t\t<div class=\"elementor-container elementor-column-gap-default\">\n\t\t\t\t\t<div class=\"elementor-column elementor-col-100 elementor-top-column elementor-element elementor-element-b89f011\" data-id=\"b89f011\" data-element_type=\"column\" data-e-type=\"column\">\n\t\t\t<div class=\"elementor-widget-wrap elementor-element-populated\">\n\t\t\t\t\t\t<div class=\"elementor-element elementor-element-2799025 elementor-widget elementor-widget-text-editor\" data-id=\"2799025\" data-element_type=\"widget\" data-e-type=\"widget\" data-widget_type=\"text-editor.default\">\n\t\t\t\t<div class=\"elementor-widget-container\">\n\t\t\t\t\t\t\t\t\t<p>Maestra en Ciencias de la Educaci\u00f3n. Licenciada en Psicolog\u00eda. Docente de tiempo completo en la Escuela Normal de Educaci\u00f3n Preescolar de Oaxaca.. Tutora pedag\u00f3gica del Instituto UNAO. Sus l\u00edneas de investigaci\u00f3n son formaci\u00f3n docente y procesos de inclusi\u00f3n educativa. Le entusiasma la reflexi\u00f3n sobre la literatura infantil y juvenil, desarrolla temas sobre los procesos de desarrollo integral de los ni\u00f1os.\u00a0<\/p><p>Actualmente cursa el tercer semestre del Doctorado en Pedagog\u00eda en el Instituto Universitario Antequera de Oaxaca.<\/p>\t\t\t\t\t\t\t\t<\/div>\n\t\t\t\t<\/div>\n\t\t\t\t\t<\/div>\n\t\t<\/div>\n\t\t\t\t\t<\/div>\n\t\t<\/section>\n\t\t\t\t<section class=\"elementor-section elementor-top-section elementor-element elementor-element-fcd686f elementor-section-boxed elementor-section-height-default elementor-section-height-default\" data-id=\"fcd686f\" data-element_type=\"section\" data-e-type=\"section\">\n\t\t\t\t\t\t<div class=\"elementor-container elementor-column-gap-default\">\n\t\t\t\t\t<div class=\"elementor-column elementor-col-100 elementor-top-column elementor-element elementor-element-9eb64a2\" data-id=\"9eb64a2\" data-element_type=\"column\" data-e-type=\"column\">\n\t\t\t<div class=\"elementor-widget-wrap elementor-element-populated\">\n\t\t\t\t\t\t<div class=\"elementor-element elementor-element-f5535f0 elementor-widget elementor-widget-pdfjs_viewer\" data-id=\"f5535f0\" data-element_type=\"widget\" data-e-type=\"widget\" data-widget_type=\"pdfjs_viewer.default\">\n\t\t\t\t<div class=\"elementor-widget-container\">\n\t\t\t\t\t<iframe src=\"https:\/\/investigacion.institutounao.com.mx\/wp-content\/plugins\/pdf-viewer-for-elementor\/assets\/pdfjs\/web\/viewer.html?file=http:\/\/investigacion.institutounao.com.mx\/wp-content\/uploads\/2022\/08\/Ensayo-Educacion-y-Cultura-1.pdf&amp;embedded=true\" style=\"display: block; margin-left: auto; margin-right: auto; width: 1200px; height: 600px;\" frameborder=\"1\" marginheight=\"0px\" marginwidth=\"0px\" allowfullscreen><\/iframe>\t\t\t\t<\/div>\n\t\t\t\t<\/div>\n\t\t\t\t\t<\/div>\n\t\t<\/div>\n\t\t\t\t\t<\/div>\n\t\t<\/section>\n\t\t\t\t<\/div>\n\t\t","protected":false},"excerpt":{"rendered":"<p>Guadalupe Silva Maestra en Ciencias de la Educaci\u00f3n. Licenciada en Psicolog\u00eda. Docente de tiempo completo en la Escuela Normal de Educaci\u00f3n Preescolar de Oaxaca.. Tutora pedag\u00f3gica del Instituto UNAO. Sus l\u00edneas de investigaci\u00f3n son formaci\u00f3n docente y procesos de inclusi\u00f3n educativa. Le entusiasma la reflexi\u00f3n sobre la literatura infantil y <a class=\"read-more\" href=\"https:\/\/investigacion.institutounao.com.mx\/index.php\/guadalupe-silva\/\">Read More&#8230;<\/a><\/p>\n","protected":false},"author":1,"featured_media":0,"parent":0,"menu_order":0,"comment_status":"closed","ping_status":"closed","template":"","meta":{"_joinchat":[],"footnotes":""},"class_list":["post-619","page","type-page","status-publish","hentry"],"_links":{"self":[{"href":"https:\/\/investigacion.institutounao.com.mx\/index.php\/wp-json\/wp\/v2\/pages\/619","targetHints":{"allow":["GET"]}}],"collection":[{"href":"https:\/\/investigacion.institutounao.com.mx\/index.php\/wp-json\/wp\/v2\/pages"}],"about":[{"href":"https:\/\/investigacion.institutounao.com.mx\/index.php\/wp-json\/wp\/v2\/types\/page"}],"author":[{"embeddable":true,"href":"https:\/\/investigacion.institutounao.com.mx\/index.php\/wp-json\/wp\/v2\/users\/1"}],"replies":[{"embeddable":true,"href":"https:\/\/investigacion.institutounao.com.mx\/index.php\/wp-json\/wp\/v2\/comments?post=619"}],"version-history":[{"count":38,"href":"https:\/\/investigacion.institutounao.com.mx\/index.php\/wp-json\/wp\/v2\/pages\/619\/revisions"}],"predecessor-version":[{"id":711,"href":"https:\/\/investigacion.institutounao.com.mx\/index.php\/wp-json\/wp\/v2\/pages\/619\/revisions\/711"}],"wp:attachment":[{"href":"https:\/\/investigacion.institutounao.com.mx\/index.php\/wp-json\/wp\/v2\/media?parent=619"}],"curies":[{"name":"wp","href":"https:\/\/api.w.org\/{rel}","templated":true}]}}