{"id":666,"date":"2022-08-05T19:12:27","date_gmt":"2022-08-05T19:12:27","guid":{"rendered":"http:\/\/investigacion.institutounao.com.mx\/?page_id=666"},"modified":"2023-03-07T21:50:31","modified_gmt":"2023-03-07T21:50:31","slug":"amanda-ramirez","status":"publish","type":"page","link":"https:\/\/investigacion.institutounao.com.mx\/index.php\/amanda-ramirez\/","title":{"rendered":"AMANDA RAMIREZ"},"content":{"rendered":"<p>T\u00edtulo: La influencia del capital cultural y contexto hist\u00f3rico socio-cultural de padres de familia, en relaci\u00f3n con el logro del perfil de egreso de los estudiantes del Jard\u00edn de Ni\u00f1os Carme Ramos del R\u00edo.<br \/>Autor: AMANDA LETICIA RAMIREZ MARTINEZ<\/p>\n<p>L\u00ednea de formaci\u00f3n: Pr\u00e1cticas pedag\u00f3gicas<br \/>Tipo de proyecto: Ensayo cient\u00edfico<br \/>Enero, 2022.<\/p>\n<p>\u00a0<\/p>\n\n\n<div data-wp-interactive=\"core\/file\" class=\"wp-block-file\"><object data-wp-bind--hidden=\"!state.hasPdfPreview\" hidden class=\"wp-block-file__embed\" data=\"https:\/\/investigacion.institutounao.com.mx\/wp-content\/uploads\/2023\/03\/AMANDA-LETICIA-RAMIREZ-MARTINEZ.pdf\" type=\"application\/pdf\" style=\"width:100%;height:600px\" aria-label=\"Incrustado de AMANDA-LETICIA-RAMIREZ-MARTINEZ.\"><\/object><a id=\"wp-block-file--media-137760a7-2154-4072-af44-c4640f44e34f\" href=\"https:\/\/investigacion.institutounao.com.mx\/wp-content\/uploads\/2023\/03\/AMANDA-LETICIA-RAMIREZ-MARTINEZ.pdf\">AMANDA-LETICIA-RAMIREZ-MARTINEZ<\/a><a href=\"https:\/\/investigacion.institutounao.com.mx\/wp-content\/uploads\/2023\/03\/AMANDA-LETICIA-RAMIREZ-MARTINEZ.pdf\" class=\"wp-block-file__button wp-element-button\" download aria-describedby=\"wp-block-file--media-137760a7-2154-4072-af44-c4640f44e34f\">Descarga<\/a><\/div>\n","protected":false},"excerpt":{"rendered":"<p>T\u00edtulo: La influencia del capital cultural y contexto hist\u00f3rico socio-cultural de padres de familia, en relaci\u00f3n con el logro del perfil de egreso de los estudiantes del Jard\u00edn de Ni\u00f1os Carme Ramos del R\u00edo.Autor: AMANDA LETICIA RAMIREZ MARTINEZ L\u00ednea de formaci\u00f3n: Pr\u00e1cticas pedag\u00f3gicasTipo de proyecto: Ensayo cient\u00edficoEnero, 2022. \u00a0<\/p>\n","protected":false},"author":1,"featured_media":0,"parent":0,"menu_order":0,"comment_status":"closed","ping_status":"closed","template":"","meta":{"_joinchat":[],"footnotes":""},"class_list":["post-666","page","type-page","status-publish","hentry"],"_links":{"self":[{"href":"https:\/\/investigacion.institutounao.com.mx\/index.php\/wp-json\/wp\/v2\/pages\/666","targetHints":{"allow":["GET"]}}],"collection":[{"href":"https:\/\/investigacion.institutounao.com.mx\/index.php\/wp-json\/wp\/v2\/pages"}],"about":[{"href":"https:\/\/investigacion.institutounao.com.mx\/index.php\/wp-json\/wp\/v2\/types\/page"}],"author":[{"embeddable":true,"href":"https:\/\/investigacion.institutounao.com.mx\/index.php\/wp-json\/wp\/v2\/users\/1"}],"replies":[{"embeddable":true,"href":"https:\/\/investigacion.institutounao.com.mx\/index.php\/wp-json\/wp\/v2\/comments?post=666"}],"version-history":[{"count":6,"href":"https:\/\/investigacion.institutounao.com.mx\/index.php\/wp-json\/wp\/v2\/pages\/666\/revisions"}],"predecessor-version":[{"id":782,"href":"https:\/\/investigacion.institutounao.com.mx\/index.php\/wp-json\/wp\/v2\/pages\/666\/revisions\/782"}],"wp:attachment":[{"href":"https:\/\/investigacion.institutounao.com.mx\/index.php\/wp-json\/wp\/v2\/media?parent=666"}],"curies":[{"name":"wp","href":"https:\/\/api.w.org\/{rel}","templated":true}]}}