{"id":671,"date":"2022-08-05T19:18:41","date_gmt":"2022-08-05T19:18:41","guid":{"rendered":"http:\/\/investigacion.institutounao.com.mx\/?page_id=671"},"modified":"2023-03-07T22:03:11","modified_gmt":"2023-03-07T22:03:11","slug":"karina-perez","status":"publish","type":"page","link":"https:\/\/investigacion.institutounao.com.mx\/index.php\/karina-perez\/","title":{"rendered":"KARINA PEREZ"},"content":{"rendered":"\t\t<div data-elementor-type=\"wp-page\" data-elementor-id=\"671\" class=\"elementor elementor-671\">\n\t\t\t\t\t\t<section class=\"elementor-section elementor-top-section elementor-element elementor-element-48d065fc elementor-section-boxed elementor-section-height-default elementor-section-height-default\" data-id=\"48d065fc\" data-element_type=\"section\" data-e-type=\"section\">\n\t\t\t\t\t\t<div class=\"elementor-container elementor-column-gap-default\">\n\t\t\t\t\t<div class=\"elementor-column elementor-col-100 elementor-top-column elementor-element elementor-element-25fc7cc4\" data-id=\"25fc7cc4\" data-element_type=\"column\" data-e-type=\"column\">\n\t\t\t<div class=\"elementor-widget-wrap elementor-element-populated\">\n\t\t\t\t\t\t<div class=\"elementor-element elementor-element-48806de1 elementor-widget elementor-widget-text-editor\" data-id=\"48806de1\" data-element_type=\"widget\" data-e-type=\"widget\" data-widget_type=\"text-editor.default\">\n\t\t\t\t<div class=\"elementor-widget-container\">\n\t\t\t\t\t\t\t\t\t<p><\/p>\n<p>T\u00edtulo: Las barreras para el aprendizaje y la participaci\u00f3n social (BAP) que enfrentan estudiantes universitarios en la pandemia COVID \u2013 19<br \/>Autor: KARINA PEREZ RAMIREZ<\/p>\n<p>L\u00ednea de formaci\u00f3n: Pr\u00e1cticas pedag\u00f3gicas<br \/>Tipo de proyecto: Ensayo cient\u00edfico<br \/>Enero, 2022.<\/p>\n<p><\/p>\n<p><\/p>\n<div data-wp-interactive=\"core\/file\" class=\"wp-block-file\"><object data-wp-bind--hidden=\"!state.hasPdfPreview\" hidden class=\"wp-block-file__embed\" style=\"width: 100%; height: 600px;\" data=\"https:\/\/investigacion.institutounao.com.mx\/wp-content\/uploads\/2023\/03\/KARINA-PEREZ-RAMIREZ-1.pdf\" type=\"application\/pdf\" width=\"300\" height=\"150\" aria-label=\"Incrustado de KARINA-PEREZ-RAMIREZ-1.\"><\/object><a id=\"wp-block-file--media-78975a9e-710d-4442-9b4e-ef688d5f6f40\" href=\"https:\/\/investigacion.institutounao.com.mx\/wp-content\/uploads\/2023\/03\/KARINA-PEREZ-RAMIREZ-1.pdf\">KARINA-PEREZ-RAMIREZ-1<\/a><a class=\"wp-block-file__button wp-element-button\" href=\"https:\/\/investigacion.institutounao.com.mx\/wp-content\/uploads\/2023\/03\/KARINA-PEREZ-RAMIREZ-1.pdf\" download=\"\" aria-describedby=\"wp-block-file--media-78975a9e-710d-4442-9b4e-ef688d5f6f40\">Descarga<\/a><\/div>\n<p><\/p>\t\t\t\t\t\t\t\t<\/div>\n\t\t\t\t<\/div>\n\t\t\t\t\t<\/div>\n\t\t<\/div>\n\t\t\t\t\t<\/div>\n\t\t<\/section>\n\t\t\t\t<\/div>\n\t\t","protected":false},"excerpt":{"rendered":"<p>T\u00edtulo: Las barreras para el aprendizaje y la participaci\u00f3n social (BAP) que enfrentan estudiantes universitarios en la pandemia COVID \u2013 19Autor: KARINA PEREZ RAMIREZ L\u00ednea de formaci\u00f3n: Pr\u00e1cticas pedag\u00f3gicasTipo de proyecto: Ensayo cient\u00edficoEnero, 2022.<\/p>\n","protected":false},"author":1,"featured_media":0,"parent":0,"menu_order":0,"comment_status":"closed","ping_status":"closed","template":"","meta":{"_joinchat":[],"footnotes":""},"class_list":["post-671","page","type-page","status-publish","hentry"],"_links":{"self":[{"href":"https:\/\/investigacion.institutounao.com.mx\/index.php\/wp-json\/wp\/v2\/pages\/671","targetHints":{"allow":["GET"]}}],"collection":[{"href":"https:\/\/investigacion.institutounao.com.mx\/index.php\/wp-json\/wp\/v2\/pages"}],"about":[{"href":"https:\/\/investigacion.institutounao.com.mx\/index.php\/wp-json\/wp\/v2\/types\/page"}],"author":[{"embeddable":true,"href":"https:\/\/investigacion.institutounao.com.mx\/index.php\/wp-json\/wp\/v2\/users\/1"}],"replies":[{"embeddable":true,"href":"https:\/\/investigacion.institutounao.com.mx\/index.php\/wp-json\/wp\/v2\/comments?post=671"}],"version-history":[{"count":13,"href":"https:\/\/investigacion.institutounao.com.mx\/index.php\/wp-json\/wp\/v2\/pages\/671\/revisions"}],"predecessor-version":[{"id":797,"href":"https:\/\/investigacion.institutounao.com.mx\/index.php\/wp-json\/wp\/v2\/pages\/671\/revisions\/797"}],"wp:attachment":[{"href":"https:\/\/investigacion.institutounao.com.mx\/index.php\/wp-json\/wp\/v2\/media?parent=671"}],"curies":[{"name":"wp","href":"https:\/\/api.w.org\/{rel}","templated":true}]}}