{"id":676,"date":"2022-08-05T19:22:18","date_gmt":"2022-08-05T19:22:18","guid":{"rendered":"http:\/\/investigacion.institutounao.com.mx\/?page_id=676"},"modified":"2023-03-07T22:07:54","modified_gmt":"2023-03-07T22:07:54","slug":"karina-cuevas","status":"publish","type":"page","link":"https:\/\/investigacion.institutounao.com.mx\/index.php\/karina-cuevas\/","title":{"rendered":"KARINA CUEVAS"},"content":{"rendered":"<p>T\u00edtulo: Manual did\u00e1ctico de ense\u00f1anza remota para favorecer la competencia lectora en el programa de historia del nivel secundaria en un contexto rural ind\u00edgena.<br \/>Autor: KARINA WALESA CUEVAS ONOFRE<\/p>\n<p>L\u00ednea de formaci\u00f3n: Pr\u00e1ctica Educativa<br \/>Tipo de proyecto: Ensayo Cient\u00edfico<br \/>Marzo, 2022.<\/p>\n<p>\u00a0<\/p>\n<p>\u00a0<\/p>\n\n\n<div data-wp-interactive=\"core\/file\" class=\"wp-block-file\"><object data-wp-bind--hidden=\"!state.hasPdfPreview\" hidden class=\"wp-block-file__embed\" data=\"https:\/\/investigacion.institutounao.com.mx\/wp-content\/uploads\/2023\/03\/KARINA-WALESA-CUEVAS-ONOFRE.pdf\" type=\"application\/pdf\" style=\"width:100%;height:600px\" aria-label=\"Incrustado de KARINA-WALESA-CUEVAS-ONOFRE.\"><\/object><a id=\"wp-block-file--media-e7009374-4de9-4a9d-b903-8bf42793a5c7\" href=\"https:\/\/investigacion.institutounao.com.mx\/wp-content\/uploads\/2023\/03\/KARINA-WALESA-CUEVAS-ONOFRE.pdf\">KARINA-WALESA-CUEVAS-ONOFRE<\/a><a href=\"https:\/\/investigacion.institutounao.com.mx\/wp-content\/uploads\/2023\/03\/KARINA-WALESA-CUEVAS-ONOFRE.pdf\" class=\"wp-block-file__button wp-element-button\" download aria-describedby=\"wp-block-file--media-e7009374-4de9-4a9d-b903-8bf42793a5c7\">Descarga<\/a><\/div>\n","protected":false},"excerpt":{"rendered":"<p>T\u00edtulo: Manual did\u00e1ctico de ense\u00f1anza remota para favorecer la competencia lectora en el programa de historia del nivel secundaria en un contexto rural ind\u00edgena.Autor: KARINA WALESA CUEVAS ONOFRE L\u00ednea de formaci\u00f3n: Pr\u00e1ctica EducativaTipo de proyecto: Ensayo Cient\u00edficoMarzo, 2022. \u00a0 \u00a0<\/p>\n","protected":false},"author":1,"featured_media":0,"parent":0,"menu_order":0,"comment_status":"closed","ping_status":"closed","template":"","meta":{"_joinchat":[],"footnotes":""},"class_list":["post-676","page","type-page","status-publish","hentry"],"_links":{"self":[{"href":"https:\/\/investigacion.institutounao.com.mx\/index.php\/wp-json\/wp\/v2\/pages\/676","targetHints":{"allow":["GET"]}}],"collection":[{"href":"https:\/\/investigacion.institutounao.com.mx\/index.php\/wp-json\/wp\/v2\/pages"}],"about":[{"href":"https:\/\/investigacion.institutounao.com.mx\/index.php\/wp-json\/wp\/v2\/types\/page"}],"author":[{"embeddable":true,"href":"https:\/\/investigacion.institutounao.com.mx\/index.php\/wp-json\/wp\/v2\/users\/1"}],"replies":[{"embeddable":true,"href":"https:\/\/investigacion.institutounao.com.mx\/index.php\/wp-json\/wp\/v2\/comments?post=676"}],"version-history":[{"count":6,"href":"https:\/\/investigacion.institutounao.com.mx\/index.php\/wp-json\/wp\/v2\/pages\/676\/revisions"}],"predecessor-version":[{"id":806,"href":"https:\/\/investigacion.institutounao.com.mx\/index.php\/wp-json\/wp\/v2\/pages\/676\/revisions\/806"}],"wp:attachment":[{"href":"https:\/\/investigacion.institutounao.com.mx\/index.php\/wp-json\/wp\/v2\/media?parent=676"}],"curies":[{"name":"wp","href":"https:\/\/api.w.org\/{rel}","templated":true}]}}