{"id":681,"date":"2022-08-05T19:25:45","date_gmt":"2022-08-05T19:25:45","guid":{"rendered":"http:\/\/investigacion.institutounao.com.mx\/?page_id=681"},"modified":"2023-03-07T22:10:07","modified_gmt":"2023-03-07T22:10:07","slug":"heidi-santiago","status":"publish","type":"page","link":"https:\/\/investigacion.institutounao.com.mx\/index.php\/heidi-santiago\/","title":{"rendered":"HEIDI SANTIAGO"},"content":{"rendered":"<p>T\u00edtulo: Impacto de la Competencia Lectora durante la Ense\u00f1anza Remota de Emergencia en el Tercer y Cuarto Grado de la Escuela Primaria \u00abLeyes de Reforma\u00bb.<br \/>Autor: HEIDI VELASCO SANTIAGO<\/p>\n<p>L\u00ednea de formaci\u00f3n: Pr\u00e1ctica Educativa<br \/>Tipo de proyecto: Ensayo Cient\u00edfico<br \/>Julio, 2022.<\/p>\n<p>\u00a0<\/p>\n\n\n<div data-wp-interactive=\"core\/file\" class=\"wp-block-file\"><object data-wp-bind--hidden=\"!state.hasPdfPreview\" hidden class=\"wp-block-file__embed\" data=\"https:\/\/investigacion.institutounao.com.mx\/wp-content\/uploads\/2023\/03\/HEIDI-VELASCO-SANTIAGO.pdf\" type=\"application\/pdf\" style=\"width:100%;height:600px\" aria-label=\"Incrustado de HEIDI-VELASCO-SANTIAGO.\"><\/object><a id=\"wp-block-file--media-59bd835c-9990-4fca-b889-4ad2b26ce84d\" href=\"https:\/\/investigacion.institutounao.com.mx\/wp-content\/uploads\/2023\/03\/HEIDI-VELASCO-SANTIAGO.pdf\">HEIDI-VELASCO-SANTIAGO<\/a><a href=\"https:\/\/investigacion.institutounao.com.mx\/wp-content\/uploads\/2023\/03\/HEIDI-VELASCO-SANTIAGO.pdf\" class=\"wp-block-file__button wp-element-button\" download aria-describedby=\"wp-block-file--media-59bd835c-9990-4fca-b889-4ad2b26ce84d\">Descarga<\/a><\/div>\n","protected":false},"excerpt":{"rendered":"<p>T\u00edtulo: Impacto de la Competencia Lectora durante la Ense\u00f1anza Remota de Emergencia en el Tercer y Cuarto Grado de la Escuela Primaria \u00abLeyes de Reforma\u00bb.Autor: HEIDI VELASCO SANTIAGO L\u00ednea de formaci\u00f3n: Pr\u00e1ctica EducativaTipo de proyecto: Ensayo Cient\u00edficoJulio, 2022. \u00a0<\/p>\n","protected":false},"author":1,"featured_media":0,"parent":0,"menu_order":0,"comment_status":"closed","ping_status":"closed","template":"","meta":{"_joinchat":[],"footnotes":""},"class_list":["post-681","page","type-page","status-publish","hentry"],"_links":{"self":[{"href":"https:\/\/investigacion.institutounao.com.mx\/index.php\/wp-json\/wp\/v2\/pages\/681","targetHints":{"allow":["GET"]}}],"collection":[{"href":"https:\/\/investigacion.institutounao.com.mx\/index.php\/wp-json\/wp\/v2\/pages"}],"about":[{"href":"https:\/\/investigacion.institutounao.com.mx\/index.php\/wp-json\/wp\/v2\/types\/page"}],"author":[{"embeddable":true,"href":"https:\/\/investigacion.institutounao.com.mx\/index.php\/wp-json\/wp\/v2\/users\/1"}],"replies":[{"embeddable":true,"href":"https:\/\/investigacion.institutounao.com.mx\/index.php\/wp-json\/wp\/v2\/comments?post=681"}],"version-history":[{"count":10,"href":"https:\/\/investigacion.institutounao.com.mx\/index.php\/wp-json\/wp\/v2\/pages\/681\/revisions"}],"predecessor-version":[{"id":811,"href":"https:\/\/investigacion.institutounao.com.mx\/index.php\/wp-json\/wp\/v2\/pages\/681\/revisions\/811"}],"wp:attachment":[{"href":"https:\/\/investigacion.institutounao.com.mx\/index.php\/wp-json\/wp\/v2\/media?parent=681"}],"curies":[{"name":"wp","href":"https:\/\/api.w.org\/{rel}","templated":true}]}}