{"id":686,"date":"2022-08-05T19:27:47","date_gmt":"2022-08-05T19:27:47","guid":{"rendered":"http:\/\/investigacion.institutounao.com.mx\/?page_id=686"},"modified":"2023-03-07T22:11:35","modified_gmt":"2023-03-07T22:11:35","slug":"beatriz-hernandez","status":"publish","type":"page","link":"https:\/\/investigacion.institutounao.com.mx\/index.php\/beatriz-hernandez\/","title":{"rendered":"BEATRIZ HERNANDEZ"},"content":{"rendered":"<p>T\u00edtulo: Estrategias Cognitivas de Organizaci\u00f3n como Factor Predisponente de la Comprensi\u00f3n Lectora para Coadyuvar la Mejora del Rendimiento Acad\u00e9mico de los Alumnos del Quinto Grado Grupo \u201cC\u201d de la Escuela Primaria Sor Juana In\u00e9s de la<br \/>Cruz de Santa Catarina Juquila Oaxaca.<\/p>\n<p>Autor: BEATRIZ HERNANDEZ SALINAS<\/p>\n<p>L\u00ednea de formaci\u00f3n: Pr\u00e1ctica Educativa<br \/>Tipo de proyecto: Ensayo Cient\u00edfico<br \/>Julio, 2022.<\/p>\n<p>\u00a0<\/p>\n<p>\u00a0<\/p>\n\n\n<div data-wp-interactive=\"core\/file\" class=\"wp-block-file\"><object data-wp-bind--hidden=\"!state.hasPdfPreview\" hidden class=\"wp-block-file__embed\" data=\"https:\/\/investigacion.institutounao.com.mx\/wp-content\/uploads\/2023\/03\/BEATRIZ-HERNANDEZ-SALINAS.pdf\" type=\"application\/pdf\" style=\"width:100%;height:600px\" aria-label=\"Incrustado de BEATRIZ-HERNANDEZ-SALINAS.\"><\/object><a id=\"wp-block-file--media-f602dc3e-e674-4776-a6f4-ac63d424d910\" href=\"https:\/\/investigacion.institutounao.com.mx\/wp-content\/uploads\/2023\/03\/BEATRIZ-HERNANDEZ-SALINAS.pdf\">BEATRIZ-HERNANDEZ-SALINAS<\/a><a href=\"https:\/\/investigacion.institutounao.com.mx\/wp-content\/uploads\/2023\/03\/BEATRIZ-HERNANDEZ-SALINAS.pdf\" class=\"wp-block-file__button wp-element-button\" download aria-describedby=\"wp-block-file--media-f602dc3e-e674-4776-a6f4-ac63d424d910\">Descarga<\/a><\/div>\n","protected":false},"excerpt":{"rendered":"<p>T\u00edtulo: Estrategias Cognitivas de Organizaci\u00f3n como Factor Predisponente de la Comprensi\u00f3n Lectora para Coadyuvar la Mejora del Rendimiento Acad\u00e9mico de los Alumnos del Quinto Grado Grupo \u201cC\u201d de la Escuela Primaria Sor Juana In\u00e9s de laCruz de Santa Catarina Juquila Oaxaca. Autor: BEATRIZ HERNANDEZ SALINAS L\u00ednea de formaci\u00f3n: Pr\u00e1ctica EducativaTipo <a class=\"read-more\" href=\"https:\/\/investigacion.institutounao.com.mx\/index.php\/beatriz-hernandez\/\">Read More&#8230;<\/a><\/p>\n","protected":false},"author":1,"featured_media":0,"parent":0,"menu_order":0,"comment_status":"closed","ping_status":"closed","template":"","meta":{"_joinchat":[],"footnotes":""},"class_list":["post-686","page","type-page","status-publish","hentry"],"_links":{"self":[{"href":"https:\/\/investigacion.institutounao.com.mx\/index.php\/wp-json\/wp\/v2\/pages\/686","targetHints":{"allow":["GET"]}}],"collection":[{"href":"https:\/\/investigacion.institutounao.com.mx\/index.php\/wp-json\/wp\/v2\/pages"}],"about":[{"href":"https:\/\/investigacion.institutounao.com.mx\/index.php\/wp-json\/wp\/v2\/types\/page"}],"author":[{"embeddable":true,"href":"https:\/\/investigacion.institutounao.com.mx\/index.php\/wp-json\/wp\/v2\/users\/1"}],"replies":[{"embeddable":true,"href":"https:\/\/investigacion.institutounao.com.mx\/index.php\/wp-json\/wp\/v2\/comments?post=686"}],"version-history":[{"count":6,"href":"https:\/\/investigacion.institutounao.com.mx\/index.php\/wp-json\/wp\/v2\/pages\/686\/revisions"}],"predecessor-version":[{"id":818,"href":"https:\/\/investigacion.institutounao.com.mx\/index.php\/wp-json\/wp\/v2\/pages\/686\/revisions\/818"}],"wp:attachment":[{"href":"https:\/\/investigacion.institutounao.com.mx\/index.php\/wp-json\/wp\/v2\/media?parent=686"}],"curies":[{"name":"wp","href":"https:\/\/api.w.org\/{rel}","templated":true}]}}