{"id":707,"date":"2022-08-18T18:33:58","date_gmt":"2022-08-18T18:33:58","guid":{"rendered":"http:\/\/investigacion.institutounao.com.mx\/?page_id=707"},"modified":"2022-08-18T18:47:45","modified_gmt":"2022-08-18T18:47:45","slug":"manuel-acuna","status":"publish","type":"page","link":"https:\/\/investigacion.institutounao.com.mx\/index.php\/manuel-acuna\/","title":{"rendered":"MANUEL ACU\u00d1A"},"content":{"rendered":"\t\t<div data-elementor-type=\"wp-page\" data-elementor-id=\"707\" class=\"elementor elementor-707\">\n\t\t\t\t\t\t<section class=\"elementor-section elementor-top-section elementor-element elementor-element-b2975b1 elementor-section-boxed elementor-section-height-default elementor-section-height-default\" data-id=\"b2975b1\" data-element_type=\"section\" data-e-type=\"section\">\n\t\t\t\t\t\t<div class=\"elementor-container elementor-column-gap-default\">\n\t\t\t\t\t<div class=\"elementor-column elementor-col-100 elementor-top-column elementor-element elementor-element-5ffb195\" data-id=\"5ffb195\" data-element_type=\"column\" data-e-type=\"column\">\n\t\t\t<div class=\"elementor-widget-wrap elementor-element-populated\">\n\t\t\t\t\t\t<div class=\"elementor-element elementor-element-6b8613c elementor-widget elementor-widget-image\" data-id=\"6b8613c\" data-element_type=\"widget\" data-e-type=\"widget\" data-widget_type=\"image.default\">\n\t\t\t\t<div class=\"elementor-widget-container\">\n\t\t\t\t\t\t\t\t\t\t\t\t\t\t\t<img decoding=\"async\" width=\"150\" height=\"150\" src=\"https:\/\/investigacion.institutounao.com.mx\/wp-content\/uploads\/2022\/08\/mANUEL-150x150.png\" class=\"attachment-thumbnail size-thumbnail wp-image-710\" alt=\"\" srcset=\"https:\/\/investigacion.institutounao.com.mx\/wp-content\/uploads\/2022\/08\/mANUEL-150x150.png 150w, https:\/\/investigacion.institutounao.com.mx\/wp-content\/uploads\/2022\/08\/mANUEL-300x300.png 300w, https:\/\/investigacion.institutounao.com.mx\/wp-content\/uploads\/2022\/08\/mANUEL-1024x1024.png 1024w, https:\/\/investigacion.institutounao.com.mx\/wp-content\/uploads\/2022\/08\/mANUEL-768x768.png 768w, https:\/\/investigacion.institutounao.com.mx\/wp-content\/uploads\/2022\/08\/mANUEL-175x175.png 175w, https:\/\/investigacion.institutounao.com.mx\/wp-content\/uploads\/2022\/08\/mANUEL-165x165.png 165w, https:\/\/investigacion.institutounao.com.mx\/wp-content\/uploads\/2022\/08\/mANUEL-350x350.png 350w, https:\/\/investigacion.institutounao.com.mx\/wp-content\/uploads\/2022\/08\/mANUEL.png 1080w\" sizes=\"(max-width: 150px) 100vw, 150px\" \/>\t\t\t\t\t\t\t\t\t\t\t\t\t\t\t<\/div>\n\t\t\t\t<\/div>\n\t\t\t\t\t<\/div>\n\t\t<\/div>\n\t\t\t\t\t<\/div>\n\t\t<\/section>\n\t\t\t\t<section class=\"elementor-section elementor-top-section elementor-element elementor-element-3716c26 elementor-section-boxed elementor-section-height-default elementor-section-height-default\" data-id=\"3716c26\" data-element_type=\"section\" data-e-type=\"section\">\n\t\t\t\t\t\t<div class=\"elementor-container elementor-column-gap-default\">\n\t\t\t\t\t<div class=\"elementor-column elementor-col-100 elementor-top-column elementor-element elementor-element-55bf1f8\" data-id=\"55bf1f8\" data-element_type=\"column\" data-e-type=\"column\">\n\t\t\t<div class=\"elementor-widget-wrap elementor-element-populated\">\n\t\t\t\t\t\t<div class=\"elementor-element elementor-element-22ca62a elementor-widget elementor-widget-text-editor\" data-id=\"22ca62a\" data-element_type=\"widget\" data-e-type=\"widget\" data-widget_type=\"text-editor.default\">\n\t\t\t\t<div class=\"elementor-widget-container\">\n\t\t\t\t\t\t\t\t\t<p>MANUEL ACU\u00d1A<br><\/p>\t\t\t\t\t\t\t\t<\/div>\n\t\t\t\t<\/div>\n\t\t\t\t\t<\/div>\n\t\t<\/div>\n\t\t\t\t\t<\/div>\n\t\t<\/section>\n\t\t\t\t<section class=\"elementor-section elementor-top-section elementor-element elementor-element-a5c6de2 elementor-section-boxed elementor-section-height-default elementor-section-height-default\" data-id=\"a5c6de2\" data-element_type=\"section\" data-e-type=\"section\">\n\t\t\t\t\t\t<div class=\"elementor-container elementor-column-gap-default\">\n\t\t\t\t\t<div class=\"elementor-column elementor-col-100 elementor-top-column elementor-element elementor-element-4df4f75\" data-id=\"4df4f75\" data-element_type=\"column\" data-e-type=\"column\">\n\t\t\t<div class=\"elementor-widget-wrap elementor-element-populated\">\n\t\t\t\t\t\t<div class=\"elementor-element elementor-element-68cd94e elementor-widget elementor-widget-text-editor\" data-id=\"68cd94e\" data-element_type=\"widget\" data-e-type=\"widget\" data-widget_type=\"text-editor.default\">\n\t\t\t\t<div class=\"elementor-widget-container\">\n\t\t\t\t\t\t\t\t\t<p><em>Maestro en Pedagog\u00eda, Licenciado en Psicopedagog\u00eda. Profesor sustituto y trabajador social de tiempo completo en la Escuela Secundaria T\u00e9cnica N\u00fam. 78.&nbsp; Conferencista y tallerista a estudiantes y padres de familia de educaci\u00f3n preescolar y secundaria, coordinador de campamentos psicopedag\u00f3gicos \u201cuniendo familias\u201d en comunidades rurales. Orientaci\u00f3n, tutor\u00eda y regularizaci\u00f3n a ni\u00f1os en edad escolar.<\/em><\/p>\n<p><em>L\u00edneas de investigaci\u00f3n: t\u00e9cnicas de estudio para adolescentes, bajo rendimiento escolar, inteligencia emocional para favorecer el aprendizaje en el aula.&nbsp;<\/em><\/p>\n<p><em>Actualmente curso el tercer semestre del doctorado en pedagog\u00eda por el Instituto UNAO.<\/em><\/p>\t\t\t\t\t\t\t\t<\/div>\n\t\t\t\t<\/div>\n\t\t\t\t\t<\/div>\n\t\t<\/div>\n\t\t\t\t\t<\/div>\n\t\t<\/section>\n\t\t\t\t<section class=\"elementor-section elementor-top-section elementor-element elementor-element-172350c elementor-section-boxed elementor-section-height-default elementor-section-height-default\" data-id=\"172350c\" data-element_type=\"section\" data-e-type=\"section\">\n\t\t\t\t\t\t<div class=\"elementor-container elementor-column-gap-default\">\n\t\t\t\t\t<div class=\"elementor-column elementor-col-100 elementor-top-column elementor-element elementor-element-663ea49\" data-id=\"663ea49\" data-element_type=\"column\" data-e-type=\"column\">\n\t\t\t<div class=\"elementor-widget-wrap elementor-element-populated\">\n\t\t\t\t\t\t<div class=\"elementor-element elementor-element-b6bfe3d elementor-widget elementor-widget-pdfjs_viewer\" data-id=\"b6bfe3d\" data-element_type=\"widget\" data-e-type=\"widget\" data-widget_type=\"pdfjs_viewer.default\">\n\t\t\t\t<div class=\"elementor-widget-container\">\n\t\t\t\t\t<iframe src=\"https:\/\/investigacion.institutounao.com.mx\/wp-content\/plugins\/pdf-viewer-for-elementor\/assets\/pdfjs\/web\/viewer.html?file=http:\/\/investigacion.institutounao.com.mx\/wp-content\/uploads\/2022\/08\/ENSAYO-educacion-y-cultura-.docx.pdf&amp;embedded=true\" style=\"display: block; margin-left: auto; margin-right: auto; width: 1200px; height: 600px;\" frameborder=\"1\" marginheight=\"0px\" marginwidth=\"0px\" allowfullscreen><\/iframe>\t\t\t\t<\/div>\n\t\t\t\t<\/div>\n\t\t\t\t\t<\/div>\n\t\t<\/div>\n\t\t\t\t\t<\/div>\n\t\t<\/section>\n\t\t\t\t<\/div>\n\t\t","protected":false},"excerpt":{"rendered":"<p>MANUEL ACU\u00d1A Maestro en Pedagog\u00eda, Licenciado en Psicopedagog\u00eda. Profesor sustituto y trabajador social de tiempo completo en la Escuela Secundaria T\u00e9cnica N\u00fam. 78.&nbsp; Conferencista y tallerista a estudiantes y padres de familia de educaci\u00f3n preescolar y secundaria, coordinador de campamentos psicopedag\u00f3gicos \u201cuniendo familias\u201d en comunidades rurales. Orientaci\u00f3n, tutor\u00eda y regularizaci\u00f3n <a class=\"read-more\" href=\"https:\/\/investigacion.institutounao.com.mx\/index.php\/manuel-acuna\/\">Read More&#8230;<\/a><\/p>\n","protected":false},"author":1,"featured_media":0,"parent":0,"menu_order":0,"comment_status":"closed","ping_status":"closed","template":"","meta":{"_joinchat":[],"footnotes":""},"class_list":["post-707","page","type-page","status-publish","hentry"],"_links":{"self":[{"href":"https:\/\/investigacion.institutounao.com.mx\/index.php\/wp-json\/wp\/v2\/pages\/707","targetHints":{"allow":["GET"]}}],"collection":[{"href":"https:\/\/investigacion.institutounao.com.mx\/index.php\/wp-json\/wp\/v2\/pages"}],"about":[{"href":"https:\/\/investigacion.institutounao.com.mx\/index.php\/wp-json\/wp\/v2\/types\/page"}],"author":[{"embeddable":true,"href":"https:\/\/investigacion.institutounao.com.mx\/index.php\/wp-json\/wp\/v2\/users\/1"}],"replies":[{"embeddable":true,"href":"https:\/\/investigacion.institutounao.com.mx\/index.php\/wp-json\/wp\/v2\/comments?post=707"}],"version-history":[{"count":5,"href":"https:\/\/investigacion.institutounao.com.mx\/index.php\/wp-json\/wp\/v2\/pages\/707\/revisions"}],"predecessor-version":[{"id":729,"href":"https:\/\/investigacion.institutounao.com.mx\/index.php\/wp-json\/wp\/v2\/pages\/707\/revisions\/729"}],"wp:attachment":[{"href":"https:\/\/investigacion.institutounao.com.mx\/index.php\/wp-json\/wp\/v2\/media?parent=707"}],"curies":[{"name":"wp","href":"https:\/\/api.w.org\/{rel}","templated":true}]}}