{"id":718,"date":"2022-09-09T14:30:43","date_gmt":"2022-09-09T14:30:43","guid":{"rendered":"http:\/\/investigacion.institutounao.com.mx\/?page_id=718"},"modified":"2022-09-10T14:18:50","modified_gmt":"2022-09-10T14:18:50","slug":"martha-mendez-ramirez","status":"publish","type":"page","link":"https:\/\/investigacion.institutounao.com.mx\/index.php\/martha-mendez-ramirez\/","title":{"rendered":"MARTHA MENDEZ RAMIREZ"},"content":{"rendered":"\t\t<div data-elementor-type=\"wp-page\" data-elementor-id=\"718\" class=\"elementor elementor-718\">\n\t\t\t\t\t\t<section class=\"elementor-section elementor-top-section elementor-element elementor-element-5792b78 elementor-section-boxed elementor-section-height-default elementor-section-height-default\" data-id=\"5792b78\" data-element_type=\"section\" data-e-type=\"section\">\n\t\t\t\t\t\t<div class=\"elementor-container elementor-column-gap-default\">\n\t\t\t\t\t<div class=\"elementor-column elementor-col-100 elementor-top-column elementor-element elementor-element-be627ec\" data-id=\"be627ec\" data-element_type=\"column\" data-e-type=\"column\">\n\t\t\t<div class=\"elementor-widget-wrap elementor-element-populated\">\n\t\t\t\t\t\t<div class=\"elementor-element elementor-element-9b7df86 elementor-widget elementor-widget-image\" data-id=\"9b7df86\" data-element_type=\"widget\" data-e-type=\"widget\" data-widget_type=\"image.default\">\n\t\t\t\t<div class=\"elementor-widget-container\">\n\t\t\t\t\t\t\t\t\t\t\t\t\t\t\t<img decoding=\"async\" width=\"150\" height=\"150\" src=\"https:\/\/investigacion.institutounao.com.mx\/wp-content\/uploads\/2022\/09\/Martha-150x150.png\" class=\"attachment-thumbnail size-thumbnail wp-image-730\" alt=\"\" srcset=\"https:\/\/investigacion.institutounao.com.mx\/wp-content\/uploads\/2022\/09\/Martha-150x150.png 150w, https:\/\/investigacion.institutounao.com.mx\/wp-content\/uploads\/2022\/09\/Martha-300x300.png 300w, https:\/\/investigacion.institutounao.com.mx\/wp-content\/uploads\/2022\/09\/Martha-1024x1024.png 1024w, https:\/\/investigacion.institutounao.com.mx\/wp-content\/uploads\/2022\/09\/Martha-768x768.png 768w, https:\/\/investigacion.institutounao.com.mx\/wp-content\/uploads\/2022\/09\/Martha-175x175.png 175w, https:\/\/investigacion.institutounao.com.mx\/wp-content\/uploads\/2022\/09\/Martha-165x165.png 165w, https:\/\/investigacion.institutounao.com.mx\/wp-content\/uploads\/2022\/09\/Martha-350x350.png 350w, https:\/\/investigacion.institutounao.com.mx\/wp-content\/uploads\/2022\/09\/Martha.png 1080w\" sizes=\"(max-width: 150px) 100vw, 150px\" \/>\t\t\t\t\t\t\t\t\t\t\t\t\t\t\t<\/div>\n\t\t\t\t<\/div>\n\t\t\t\t\t<\/div>\n\t\t<\/div>\n\t\t\t\t\t<\/div>\n\t\t<\/section>\n\t\t\t\t<section class=\"elementor-section elementor-top-section elementor-element elementor-element-993d4a4 elementor-section-boxed elementor-section-height-default elementor-section-height-default\" data-id=\"993d4a4\" data-element_type=\"section\" data-e-type=\"section\">\n\t\t\t\t\t\t<div class=\"elementor-container elementor-column-gap-default\">\n\t\t\t\t\t<div class=\"elementor-column elementor-col-100 elementor-top-column elementor-element elementor-element-c569c03\" data-id=\"c569c03\" data-element_type=\"column\" data-e-type=\"column\">\n\t\t\t<div class=\"elementor-widget-wrap elementor-element-populated\">\n\t\t\t\t\t\t<div class=\"elementor-element elementor-element-b1817c6 elementor-widget elementor-widget-text-editor\" data-id=\"b1817c6\" data-element_type=\"widget\" data-e-type=\"widget\" data-widget_type=\"text-editor.default\">\n\t\t\t\t<div class=\"elementor-widget-container\">\n\t\t\t\t\t\t\t\t\t<p>MARTHA MENDEZ RAMIREZ <\/p>\t\t\t\t\t\t\t\t<\/div>\n\t\t\t\t<\/div>\n\t\t\t\t\t<\/div>\n\t\t<\/div>\n\t\t\t\t\t<\/div>\n\t\t<\/section>\n\t\t\t\t<section class=\"elementor-section elementor-top-section elementor-element elementor-element-c652477 elementor-section-boxed elementor-section-height-default elementor-section-height-default\" data-id=\"c652477\" data-element_type=\"section\" data-e-type=\"section\">\n\t\t\t\t\t\t<div class=\"elementor-container elementor-column-gap-default\">\n\t\t\t\t\t<div class=\"elementor-column elementor-col-100 elementor-top-column elementor-element elementor-element-c48b7ab\" data-id=\"c48b7ab\" data-element_type=\"column\" data-e-type=\"column\">\n\t\t\t<div class=\"elementor-widget-wrap elementor-element-populated\">\n\t\t\t\t\t\t<div class=\"elementor-element elementor-element-754a653 elementor-widget elementor-widget-text-editor\" data-id=\"754a653\" data-element_type=\"widget\" data-e-type=\"widget\" data-widget_type=\"text-editor.default\">\n\t\t\t\t<div class=\"elementor-widget-container\">\n\t\t\t\t\t\t\t\t\t<p><em>Licenciada en Derecho, Maestra en Educaci\u00f3n B\u00e1sica Docente de tiempo completo y asesora de tesis en la Licenciatura en Educaci\u00f3n Primaria del Centro Regional de Educaci\u00f3n Normal. Sus l\u00edneas de investigaci\u00f3n son: Formaci\u00f3n Docente, Pr\u00e1ctica Profesional, Evaluaci\u00f3n Docente, Formaci\u00f3n C\u00edvica y \u00c9tica, Educaci\u00f3n Emocional y Tecnolog\u00edas Digitales.<\/em><\/p><p><em>Es de su agrado acompa\u00f1ar, orientar y apoyar a los estudiantes normalistas en el proceso de titulaci\u00f3n, pues representa la fase de culminaci\u00f3n de sus estudios y les permite obtener el t\u00edtulo profesional para ejercer su actividad docente. Actualmente cursa el tercer semestre del Doctorado en Pedagog\u00eda en el Instituto Universitario Antequera de Oaxaca.<\/em><\/p>\t\t\t\t\t\t\t\t<\/div>\n\t\t\t\t<\/div>\n\t\t\t\t\t<\/div>\n\t\t<\/div>\n\t\t\t\t\t<\/div>\n\t\t<\/section>\n\t\t\t\t<section class=\"elementor-section elementor-top-section elementor-element elementor-element-684c0dc elementor-section-boxed elementor-section-height-default elementor-section-height-default\" data-id=\"684c0dc\" data-element_type=\"section\" data-e-type=\"section\">\n\t\t\t\t\t\t<div class=\"elementor-container elementor-column-gap-default\">\n\t\t\t\t\t<div class=\"elementor-column elementor-col-100 elementor-top-column elementor-element elementor-element-691d02e\" data-id=\"691d02e\" data-element_type=\"column\" data-e-type=\"column\">\n\t\t\t<div class=\"elementor-widget-wrap elementor-element-populated\">\n\t\t\t\t\t\t<div class=\"elementor-element elementor-element-0528bf6 elementor-widget elementor-widget-pdf_viewer\" data-id=\"0528bf6\" data-element_type=\"widget\" data-e-type=\"widget\" data-widget_type=\"pdf_viewer.default\">\n\t\t\t\t<div class=\"elementor-widget-container\">\n\t\t\t\t\t<iframe src=\"https:\/\/docs.google.com\/viewer?url=http:\/\/investigacion.institutounao.com.mx\/wp-content\/uploads\/2022\/09\/EDUCACION-Y-CULTURA-EN-EL-CENTRO-REGIONAL-DE-EDUCACION-NORMAL-DE-OAXACA.pdf&amp;embedded=true\" style=\"display: block; margin-left: auto; margin-right: auto; width: 885px; height: 1020px;\" frameborder=\"1\" marginheight=\"0px\" marginwidth=\"0px\" allowfullscreen><\/iframe>\t\t\t\t<\/div>\n\t\t\t\t<\/div>\n\t\t\t\t\t<\/div>\n\t\t<\/div>\n\t\t\t\t\t<\/div>\n\t\t<\/section>\n\t\t\t\t<\/div>\n\t\t","protected":false},"excerpt":{"rendered":"<p>MARTHA MENDEZ RAMIREZ Licenciada en Derecho, Maestra en Educaci\u00f3n B\u00e1sica Docente de tiempo completo y asesora de tesis en la Licenciatura en Educaci\u00f3n Primaria del Centro Regional de Educaci\u00f3n Normal. Sus l\u00edneas de investigaci\u00f3n son: Formaci\u00f3n Docente, Pr\u00e1ctica Profesional, Evaluaci\u00f3n Docente, Formaci\u00f3n C\u00edvica y \u00c9tica, Educaci\u00f3n Emocional y Tecnolog\u00edas Digitales. <a class=\"read-more\" href=\"https:\/\/investigacion.institutounao.com.mx\/index.php\/martha-mendez-ramirez\/\">Read More&#8230;<\/a><\/p>\n","protected":false},"author":1,"featured_media":0,"parent":0,"menu_order":0,"comment_status":"closed","ping_status":"closed","template":"","meta":{"_joinchat":[],"footnotes":""},"class_list":["post-718","page","type-page","status-publish","hentry"],"_links":{"self":[{"href":"https:\/\/investigacion.institutounao.com.mx\/index.php\/wp-json\/wp\/v2\/pages\/718","targetHints":{"allow":["GET"]}}],"collection":[{"href":"https:\/\/investigacion.institutounao.com.mx\/index.php\/wp-json\/wp\/v2\/pages"}],"about":[{"href":"https:\/\/investigacion.institutounao.com.mx\/index.php\/wp-json\/wp\/v2\/types\/page"}],"author":[{"embeddable":true,"href":"https:\/\/investigacion.institutounao.com.mx\/index.php\/wp-json\/wp\/v2\/users\/1"}],"replies":[{"embeddable":true,"href":"https:\/\/investigacion.institutounao.com.mx\/index.php\/wp-json\/wp\/v2\/comments?post=718"}],"version-history":[{"count":7,"href":"https:\/\/investigacion.institutounao.com.mx\/index.php\/wp-json\/wp\/v2\/pages\/718\/revisions"}],"predecessor-version":[{"id":733,"href":"https:\/\/investigacion.institutounao.com.mx\/index.php\/wp-json\/wp\/v2\/pages\/718\/revisions\/733"}],"wp:attachment":[{"href":"https:\/\/investigacion.institutounao.com.mx\/index.php\/wp-json\/wp\/v2\/media?parent=718"}],"curies":[{"name":"wp","href":"https:\/\/api.w.org\/{rel}","templated":true}]}}