{"id":736,"date":"2022-09-11T19:10:09","date_gmt":"2022-09-11T19:10:09","guid":{"rendered":"http:\/\/investigacion.institutounao.com.mx\/?page_id=736"},"modified":"2022-09-11T19:17:05","modified_gmt":"2022-09-11T19:17:05","slug":"conexion","status":"publish","type":"page","link":"https:\/\/investigacion.institutounao.com.mx\/index.php\/conexion\/","title":{"rendered":"Conexi\u00f3n&#8230;"},"content":{"rendered":"\t\t<div data-elementor-type=\"wp-page\" data-elementor-id=\"736\" class=\"elementor elementor-736\">\n\t\t\t\t\t\t<section class=\"elementor-section elementor-top-section elementor-element elementor-element-b6dc54d elementor-section-boxed elementor-section-height-default elementor-section-height-default\" data-id=\"b6dc54d\" data-element_type=\"section\" data-e-type=\"section\">\n\t\t\t\t\t\t<div class=\"elementor-container elementor-column-gap-default\">\n\t\t\t\t\t<div class=\"elementor-column elementor-col-100 elementor-top-column elementor-element elementor-element-8ae2113\" data-id=\"8ae2113\" data-element_type=\"column\" data-e-type=\"column\">\n\t\t\t<div class=\"elementor-widget-wrap elementor-element-populated\">\n\t\t\t\t\t\t<div class=\"elementor-element elementor-element-f7dec48 elementor-widget elementor-widget-heading\" data-id=\"f7dec48\" data-element_type=\"widget\" data-e-type=\"widget\" data-widget_type=\"heading.default\">\n\t\t\t\t<div class=\"elementor-widget-container\">\n\t\t\t\t\t<h2 class=\"elementor-heading-title elementor-size-default\">Conexi\u00f3n...<\/h2>\t\t\t\t<\/div>\n\t\t\t\t<\/div>\n\t\t\t\t\t<\/div>\n\t\t<\/div>\n\t\t\t\t\t<\/div>\n\t\t<\/section>\n\t\t\t\t<section class=\"elementor-section elementor-top-section elementor-element elementor-element-24acff9 elementor-section-boxed elementor-section-height-default elementor-section-height-default\" data-id=\"24acff9\" data-element_type=\"section\" data-e-type=\"section\">\n\t\t\t\t\t\t<div class=\"elementor-container elementor-column-gap-default\">\n\t\t\t\t\t<div class=\"elementor-column elementor-col-100 elementor-top-column elementor-element elementor-element-b237d85\" data-id=\"b237d85\" data-element_type=\"column\" data-e-type=\"column\">\n\t\t\t<div class=\"elementor-widget-wrap elementor-element-populated\">\n\t\t\t\t\t\t<div class=\"elementor-element elementor-element-603418f elementor-widget elementor-widget-image\" data-id=\"603418f\" data-element_type=\"widget\" data-e-type=\"widget\" data-widget_type=\"image.default\">\n\t\t\t\t<div class=\"elementor-widget-container\">\n\t\t\t\t\t\t\t\t\t\t\t\t\t\t\t<img decoding=\"async\" width=\"150\" height=\"150\" src=\"https:\/\/investigacion.institutounao.com.mx\/wp-content\/uploads\/2022\/04\/Jaime-Web-150x150.png\" class=\"attachment-thumbnail size-thumbnail wp-image-301\" alt=\"\" srcset=\"https:\/\/investigacion.institutounao.com.mx\/wp-content\/uploads\/2022\/04\/Jaime-Web-150x150.png 150w, https:\/\/investigacion.institutounao.com.mx\/wp-content\/uploads\/2022\/04\/Jaime-Web-300x300.png 300w, https:\/\/investigacion.institutounao.com.mx\/wp-content\/uploads\/2022\/04\/Jaime-Web-175x175.png 175w, https:\/\/investigacion.institutounao.com.mx\/wp-content\/uploads\/2022\/04\/Jaime-Web-165x165.png 165w, https:\/\/investigacion.institutounao.com.mx\/wp-content\/uploads\/2022\/04\/Jaime-Web-350x350.png 350w, https:\/\/investigacion.institutounao.com.mx\/wp-content\/uploads\/2022\/04\/Jaime-Web.png 760w\" sizes=\"(max-width: 150px) 100vw, 150px\" \/>\t\t\t\t\t\t\t\t\t\t\t\t\t\t\t<\/div>\n\t\t\t\t<\/div>\n\t\t\t\t\t<\/div>\n\t\t<\/div>\n\t\t\t\t\t<\/div>\n\t\t<\/section>\n\t\t\t\t<section class=\"elementor-section elementor-top-section elementor-element elementor-element-f1ce8dc elementor-section-boxed elementor-section-height-default elementor-section-height-default\" data-id=\"f1ce8dc\" data-element_type=\"section\" data-e-type=\"section\">\n\t\t\t\t\t\t<div class=\"elementor-container elementor-column-gap-default\">\n\t\t\t\t\t<div class=\"elementor-column elementor-col-100 elementor-top-column elementor-element elementor-element-fb25bc6\" data-id=\"fb25bc6\" data-element_type=\"column\" data-e-type=\"column\">\n\t\t\t<div class=\"elementor-widget-wrap elementor-element-populated\">\n\t\t\t\t\t\t<div class=\"elementor-element elementor-element-20ec5ad elementor-widget elementor-widget-text-editor\" data-id=\"20ec5ad\" data-element_type=\"widget\" data-e-type=\"widget\" data-widget_type=\"text-editor.default\">\n\t\t\t\t<div class=\"elementor-widget-container\">\n\t\t\t\t\t\t\t\t\t<p><b>Jaime Padilla<\/b><\/p>\t\t\t\t\t\t\t\t<\/div>\n\t\t\t\t<\/div>\n\t\t\t\t\t<\/div>\n\t\t<\/div>\n\t\t\t\t\t<\/div>\n\t\t<\/section>\n\t\t\t\t<section class=\"elementor-section elementor-top-section elementor-element elementor-element-cfda7aa elementor-section-boxed elementor-section-height-default elementor-section-height-default\" data-id=\"cfda7aa\" data-element_type=\"section\" data-e-type=\"section\">\n\t\t\t\t\t\t<div class=\"elementor-container elementor-column-gap-default\">\n\t\t\t\t\t<div class=\"elementor-column elementor-col-100 elementor-top-column elementor-element elementor-element-c1a4a4b\" data-id=\"c1a4a4b\" data-element_type=\"column\" data-e-type=\"column\">\n\t\t\t<div class=\"elementor-widget-wrap elementor-element-populated\">\n\t\t\t\t\t\t<div class=\"elementor-element elementor-element-d7d5316 elementor-widget elementor-widget-text-editor\" data-id=\"d7d5316\" data-element_type=\"widget\" data-e-type=\"widget\" data-widget_type=\"text-editor.default\">\n\t\t\t\t<div class=\"elementor-widget-container\">\n\t\t\t\t\t\t\t\t\t<p><em>Maestro en Educaci\u00f3n. Acad\u00e9mico de tiempo completo en el Instituto UNAO, especialista en procesos de formaci\u00f3n docente, metodolog\u00edas para la planeaci\u00f3n did\u00e1ctica, dise\u00f1o e innovaci\u00f3n curricular. Aficionado en escribir temas que permitan reflexionar acerca de la complejidad del ser humano y la vida en general.<\/em><\/p><p>\u00a0<\/p>\t\t\t\t\t\t\t\t<\/div>\n\t\t\t\t<\/div>\n\t\t\t\t\t<\/div>\n\t\t<\/div>\n\t\t\t\t\t<\/div>\n\t\t<\/section>\n\t\t\t\t<section class=\"elementor-section elementor-top-section elementor-element elementor-element-b2a8beb elementor-section-boxed elementor-section-height-default elementor-section-height-default\" data-id=\"b2a8beb\" data-element_type=\"section\" data-e-type=\"section\">\n\t\t\t\t\t\t<div class=\"elementor-container elementor-column-gap-default\">\n\t\t\t\t\t<div class=\"elementor-column elementor-col-100 elementor-top-column elementor-element elementor-element-47e4b42\" data-id=\"47e4b42\" data-element_type=\"column\" data-e-type=\"column\">\n\t\t\t<div class=\"elementor-widget-wrap elementor-element-populated\">\n\t\t\t\t\t\t<div class=\"elementor-element elementor-element-a42ba4b elementor-widget elementor-widget-text-editor\" data-id=\"a42ba4b\" data-element_type=\"widget\" data-e-type=\"widget\" data-widget_type=\"text-editor.default\">\n\t\t\t\t<div class=\"elementor-widget-container\">\n\t\t\t\t\t\t\t\t\t<p>Erich Fromm escribi\u00f3 \u201cel hombre s\u00f3lo es \u00e9l mismo cuando se expresa, cuando da salida a sus potencias innatas. Cuando eso no ocurre, cuando s\u00f3lo \u201cposee\u201d y utiliza, en lugar de \u201cser\u201d, entonces decae, se vuelve cosa, su vida pierde sentido, se transforma en sufrimiento\u201d.<\/p><p>En una cotidianidad donde vamos a prisa, en donde el tiempo es limitado, todo urge, la reactividad est\u00e1 a flor de piel, la queja est\u00e1 presente y la des-organizaci\u00f3n hace su parte, se complica conectar con lo que siempre es importante, con lo b\u00e1sico.<br \/><br \/>Mientras escrib\u00eda este texto, me compartieron este mensaje \u201csabes estoy buscando trabajo ya sea de aseo no importa solo quiero chamba, si sabes de algo dime sale\u201d. Un porcentaje sorprendente de personas viven en la necesidad, no me mal entiendan, todos tenemos necesidades, pero hay un extremo de vivir solo para soportar las necesidades de subsistencia, esto trae consigo una preocupaci\u00f3n constante, agobio, ansiedad. Vivir en estas condiciones, ha implicado que nuestros deseos m\u00e1s profundos, m\u00e1s \u00edntimos se vayan desvaneciendo, inclusive desaparezcan, nos vamos anulando.<\/p><p>No es de sorprenderse, pues el sistema en el que estamos inmersos, est\u00e1 dise\u00f1ado precisamente para evitar que conectemos con nuestra esencia, nuestra naturaleza, nos vamos saturando de una cotidianidad que nos mantiene ocupados de forma robotizada, no reflexiva, sino todo lo contrario.<br \/><br \/>Cuando Fromm expresa \u201cel hombre s\u00f3lo es \u00e9l mismo cuando se expresa, cuando da salida a sus potencias innatas\u201d se refiere, en un primer momento a descubrir nuestras cualidades como persona y la expresi\u00f3n (desarrollo) de las mismas, nos permitir\u00e1 Ser y no solo subsistir en esta realidad.<\/p>\t\t\t\t\t\t\t\t<\/div>\n\t\t\t\t<\/div>\n\t\t\t\t\t<\/div>\n\t\t<\/div>\n\t\t\t\t\t<\/div>\n\t\t<\/section>\n\t\t\t\t<\/div>\n\t\t","protected":false},"excerpt":{"rendered":"<p>Conexi\u00f3n&#8230; Jaime Padilla Maestro en Educaci\u00f3n. Acad\u00e9mico de tiempo completo en el Instituto UNAO, especialista en procesos de formaci\u00f3n docente, metodolog\u00edas para la planeaci\u00f3n did\u00e1ctica, dise\u00f1o e innovaci\u00f3n curricular. Aficionado en escribir temas que permitan reflexionar acerca de la complejidad del ser humano y la vida en general. \u00a0 Erich <a class=\"read-more\" href=\"https:\/\/investigacion.institutounao.com.mx\/index.php\/conexion\/\">Read More&#8230;<\/a><\/p>\n","protected":false},"author":1,"featured_media":0,"parent":0,"menu_order":0,"comment_status":"closed","ping_status":"closed","template":"","meta":{"_joinchat":[],"footnotes":""},"class_list":["post-736","page","type-page","status-publish","hentry"],"_links":{"self":[{"href":"https:\/\/investigacion.institutounao.com.mx\/index.php\/wp-json\/wp\/v2\/pages\/736","targetHints":{"allow":["GET"]}}],"collection":[{"href":"https:\/\/investigacion.institutounao.com.mx\/index.php\/wp-json\/wp\/v2\/pages"}],"about":[{"href":"https:\/\/investigacion.institutounao.com.mx\/index.php\/wp-json\/wp\/v2\/types\/page"}],"author":[{"embeddable":true,"href":"https:\/\/investigacion.institutounao.com.mx\/index.php\/wp-json\/wp\/v2\/users\/1"}],"replies":[{"embeddable":true,"href":"https:\/\/investigacion.institutounao.com.mx\/index.php\/wp-json\/wp\/v2\/comments?post=736"}],"version-history":[{"count":7,"href":"https:\/\/investigacion.institutounao.com.mx\/index.php\/wp-json\/wp\/v2\/pages\/736\/revisions"}],"predecessor-version":[{"id":747,"href":"https:\/\/investigacion.institutounao.com.mx\/index.php\/wp-json\/wp\/v2\/pages\/736\/revisions\/747"}],"wp:attachment":[{"href":"https:\/\/investigacion.institutounao.com.mx\/index.php\/wp-json\/wp\/v2\/media?parent=736"}],"curies":[{"name":"wp","href":"https:\/\/api.w.org\/{rel}","templated":true}]}}