{"id":748,"date":"2023-02-11T18:02:44","date_gmt":"2023-02-11T18:02:44","guid":{"rendered":"http:\/\/investigacion.institutounao.com.mx\/?page_id=748"},"modified":"2023-03-07T22:12:23","modified_gmt":"2023-03-07T22:12:23","slug":"xochilt-mateos-lopez","status":"publish","type":"page","link":"https:\/\/investigacion.institutounao.com.mx\/index.php\/xochilt-mateos-lopez\/","title":{"rendered":"XOCHITL MATEOS LOPEZ"},"content":{"rendered":"\n<p>T\u00edtulo: El impacto de la Motivaci\u00f3n en el Aprovechamiento Escolar de los alumnos de primer grado de la escuela telesecundaria de Santiago Chilixtlahuaca durante la pandemia de covid-19.<br>Autor: XOCHITL MATEOS LOPEZ<\/p>\n\n\n\n<p>L\u00ednea de formaci\u00f3n: Pr\u00e1cticas Educativa<br>Tipo de proyecto: Ensayo cient\u00edfico<br>Enero, 2023.<\/p>\n\n\n\n<div data-wp-interactive=\"core\/file\" class=\"wp-block-file\"><object data-wp-bind--hidden=\"!state.hasPdfPreview\" hidden class=\"wp-block-file__embed\" data=\"https:\/\/investigacion.institutounao.com.mx\/wp-content\/uploads\/2023\/03\/XOCHITL-MATEOS-LOPEZ.pdf\" type=\"application\/pdf\" style=\"width:100%;height:600px\" aria-label=\"Incrustado de XOCHITL-MATEOS-LOPEZ.\"><\/object><a id=\"wp-block-file--media-7205a371-7612-4df3-8f2f-199f94eb150a\" href=\"https:\/\/investigacion.institutounao.com.mx\/wp-content\/uploads\/2023\/03\/XOCHITL-MATEOS-LOPEZ.pdf\">XOCHITL-MATEOS-LOPEZ<\/a><a href=\"https:\/\/investigacion.institutounao.com.mx\/wp-content\/uploads\/2023\/03\/XOCHITL-MATEOS-LOPEZ.pdf\" class=\"wp-block-file__button wp-element-button\" download aria-describedby=\"wp-block-file--media-7205a371-7612-4df3-8f2f-199f94eb150a\">Descarga<\/a><\/div>\n","protected":false},"excerpt":{"rendered":"<p>T\u00edtulo: El impacto de la Motivaci\u00f3n en el Aprovechamiento Escolar de los alumnos de primer grado de la escuela telesecundaria de Santiago Chilixtlahuaca durante la pandemia de covid-19.Autor: XOCHITL MATEOS LOPEZ L\u00ednea de formaci\u00f3n: Pr\u00e1cticas EducativaTipo de proyecto: Ensayo cient\u00edficoEnero, 2023.<\/p>\n","protected":false},"author":1,"featured_media":0,"parent":0,"menu_order":0,"comment_status":"closed","ping_status":"closed","template":"","meta":{"_joinchat":[],"footnotes":""},"class_list":["post-748","page","type-page","status-publish","hentry"],"_links":{"self":[{"href":"https:\/\/investigacion.institutounao.com.mx\/index.php\/wp-json\/wp\/v2\/pages\/748","targetHints":{"allow":["GET"]}}],"collection":[{"href":"https:\/\/investigacion.institutounao.com.mx\/index.php\/wp-json\/wp\/v2\/pages"}],"about":[{"href":"https:\/\/investigacion.institutounao.com.mx\/index.php\/wp-json\/wp\/v2\/types\/page"}],"author":[{"embeddable":true,"href":"https:\/\/investigacion.institutounao.com.mx\/index.php\/wp-json\/wp\/v2\/users\/1"}],"replies":[{"embeddable":true,"href":"https:\/\/investigacion.institutounao.com.mx\/index.php\/wp-json\/wp\/v2\/comments?post=748"}],"version-history":[{"count":4,"href":"https:\/\/investigacion.institutounao.com.mx\/index.php\/wp-json\/wp\/v2\/pages\/748\/revisions"}],"predecessor-version":[{"id":820,"href":"https:\/\/investigacion.institutounao.com.mx\/index.php\/wp-json\/wp\/v2\/pages\/748\/revisions\/820"}],"wp:attachment":[{"href":"https:\/\/investigacion.institutounao.com.mx\/index.php\/wp-json\/wp\/v2\/media?parent=748"}],"curies":[{"name":"wp","href":"https:\/\/api.w.org\/{rel}","templated":true}]}}